{"id":840,"date":"2022-07-03T13:48:45","date_gmt":"2022-07-03T12:48:45","guid":{"rendered":"https:\/\/esffranco.edu.pt\/web\/?page_id=840"},"modified":"2026-04-29T09:18:04","modified_gmt":"2026-04-29T08:18:04","slug":"cursos-profissionais","status":"publish","type":"page","link":"https:\/\/esffranco.edu.pt\/web\/ofertaeducativa\/cursos-profissionais\/","title":{"rendered":"Cursos Profissionais"},"content":{"rendered":"<div class=\"wpb-content-wrapper\"><p>[vc_row][vc_column][vc_custom_heading text=&#8221;Guia Cursos Profissionais&#8221; use_theme_fonts=&#8221;yes&#8221; css=&#8221;&#8221;][vc_column_text css=&#8221;&#8221;]<\/p>\n<p style=\"text-align: center;\"><div class=\"_df_thumb \" id=\"df_9004\"  _slug=\"guia-profissionais-2\" data-title=\"guia-profissionais\" wpoptions=\"true\" thumb=\"https:\/\/esffranco.edu.pt\/web\/wp-content\/uploads\/2025\/06\/Capa.jpg\" thumbtype=\"\" >Guia Profissionais<\/div><script class=\"df-shortcode-script\" nowprocket type=\"application\/javascript\">window.option_df_9004 = {\"outline\":[],\"autoEnableOutline\":\"false\",\"autoEnableThumbnail\":\"false\",\"overwritePDFOutline\":\"false\",\"direction\":\"1\",\"pageSize\":\"0\",\"source\":\"https:\\\/\\\/esffranco.edu.pt\\\/web\\\/wp-content\\\/uploads\\\/2026\\\/04\\\/GUIA_CP2627.pdf\",\"wpOptions\":\"true\"}; if(window.DFLIP && window.DFLIP.parseBooks){window.DFLIP.parseBooks();}<\/script><\/p>\n<p>[\/vc_column_text][\/vc_column][\/vc_row][vc_row][vc_column][vc_custom_heading text=&#8221;T\u00e9cnico de Gest\u00e3o e Administra\u00e7\u00e3o&#8221; use_theme_fonts=&#8221;yes&#8221; css=&#8221;&#8221;][\/vc_column][\/vc_row][vc_row][vc_column width=&#8221;1\/4&#8243;][vc_single_image image=&#8221;8958&#8243; img_size=&#8221;medium&#8221; style=&#8221;vc_box_rounded&#8221; css_animation=&#8221;none&#8221; css=&#8221;&#8221;][\/vc_column][vc_column width=&#8221;3\/4&#8243;]\n\t\t\t\t\t<div class=\"wh-theme-icon  scp_theme_icon-48e5c1fb7b6e9f02ed3cd112b68e2723\">\n\t\t\t\t<i class=\"icon-edic_picture_as_pdf\"><\/i>\n\t\t\t<\/div>\n\t\t\t\t[vc_custom_heading text=&#8221;Plano Curricular&#8221; font_container=&#8221;tag:h6|text_align:left&#8221; use_theme_fonts=&#8221;yes&#8221; css=&#8221;.vc_custom_1775988976698{padding-left: 40px !important;}&#8221; link=&#8221;url:https%3A%2F%2Fesffranco.edu.pt%2Fweb%2Fwp-content%2Fuploads%2F2026%2F04%2FTecnicoGestaoAdministracao.pdf|target:_blank|rel:nofollow&#8221;][vc_column_text css=&#8221;&#8221;]<strong>[10.\u00ba Ano]<\/strong><span style=\"color: #dedcdc;\">[11.\u00ba Ano][12.\u00ba Ano]<\/span>[\/vc_column_text][\/vc_column][\/vc_row][vc_row][vc_column][vc_custom_heading text=&#8221;T\u00e9cnico de Desenvolvimento de Software&#8221; use_theme_fonts=&#8221;yes&#8221; css=&#8221;&#8221;][\/vc_column][\/vc_row][vc_row][vc_column width=&#8221;1\/4&#8243;][vc_single_image image=&#8221;8956&#8243; img_size=&#8221;medium&#8221; style=&#8221;vc_box_rounded&#8221; css_animation=&#8221;none&#8221; css=&#8221;&#8221;][\/vc_column][vc_column width=&#8221;3\/4&#8243;]\n\t\t\t\t\t<div class=\"wh-theme-icon  scp_theme_icon-48e5c1fb7b6e9f02ed3cd112b68e2723\">\n\t\t\t\t<i class=\"icon-edic_picture_as_pdf\"><\/i>\n\t\t\t<\/div>\n\t\t\t\t[vc_custom_heading text=&#8221;Plano Curricular&#8221; font_container=&#8221;tag:h6|text_align:left&#8221; use_theme_fonts=&#8221;yes&#8221; css=&#8221;.vc_custom_1775988863410{padding-left: 40px !important;}&#8221; link=&#8221;url:https%3A%2F%2Fesffranco.edu.pt%2Fweb%2Fwp-content%2Fuploads%2F2026%2F04%2FTecnicoDesenvolvimentoSoftware.pdf|target:_blank|rel:nofollow&#8221;][vc_column_text css=&#8221;&#8221;]<strong>[10.\u00ba Ano]<\/strong><span style=\"color: #dedcdc;\">[11.\u00ba Ano][12.\u00ba Ano]<\/span>[\/vc_column_text][\/vc_column][\/vc_row][vc_row][vc_column][vc_custom_heading text=&#8221;T\u00e9cnico de Sistemas de Computa\u00e7\u00e3o e Redes&#8221; use_theme_fonts=&#8221;yes&#8221; css=&#8221;&#8221;][\/vc_column][\/vc_row][vc_row][vc_column width=&#8221;1\/4&#8243;][vc_single_image image=&#8221;8951&#8243; img_size=&#8221;medium&#8221; style=&#8221;vc_box_rounded&#8221; css_animation=&#8221;none&#8221; css=&#8221;&#8221;][\/vc_column][vc_column width=&#8221;3\/4&#8243;]\n\t\t\t\t\t<div class=\"wh-theme-icon  scp_theme_icon-48e5c1fb7b6e9f02ed3cd112b68e2723\">\n\t\t\t\t<i class=\"icon-edic_picture_as_pdf\"><\/i>\n\t\t\t<\/div>\n\t\t\t\t[vc_custom_heading text=&#8221;Plano Curricular&#8221; font_container=&#8221;tag:h6|text_align:left&#8221; use_theme_fonts=&#8221;yes&#8221; css=&#8221;.vc_custom_1775988075685{padding-left: 40px !important;}&#8221; link=&#8221;url:https%3A%2F%2Fesffranco.edu.pt%2Fweb%2Fwp-content%2Fuploads%2F2026%2F04%2FTecnicoSistemasComputacaoRedes.pdf|target:_blank|rel:nofollow&#8221;][vc_column_text css=&#8221;&#8221;]<strong>[10.\u00ba Ano]<\/strong><span style=\"color: #dedcdc;\"> [11.\u00ba Ano] [12.\u00ba Ano]<\/span>[\/vc_column_text][\/vc_column][\/vc_row][vc_row][vc_column][vc_custom_heading text=&#8221;T\u00e9cnico de Multim\u00e9dia&#8221; use_theme_fonts=&#8221;yes&#8221; css=&#8221;&#8221;][\/vc_column][\/vc_row][vc_row][vc_column width=&#8221;1\/4&#8243;][vc_single_image image=&#8221;9031&#8243; img_size=&#8221;medium&#8221; style=&#8221;vc_box_rounded&#8221; css_animation=&#8221;none&#8221; css=&#8221;&#8221;][\/vc_column][vc_column width=&#8221;3\/4&#8243;]\n\t\t\t\t\t<div class=\"wh-theme-icon  scp_theme_icon-48e5c1fb7b6e9f02ed3cd112b68e2723\">\n\t\t\t\t<i class=\"icon-edic_picture_as_pdf\"><\/i>\n\t\t\t<\/div>\n\t\t\t\t[vc_custom_heading text=&#8221;Plano Curricular&#8221; font_container=&#8221;tag:h6|text_align:left&#8221; use_theme_fonts=&#8221;yes&#8221; css=&#8221;.vc_custom_1775989286143{padding-left: 40px !important;}&#8221; link=&#8221;url:https%3A%2F%2Fesffranco.edu.pt%2Fweb%2Fwp-content%2Fuploads%2F2026%2F04%2FTecnicoMultimedia.pdf|target:_blank|rel:nofollow&#8221;][vc_column_text css=&#8221;&#8221;]<strong>[10.\u00ba Ano]<\/strong><span style=\"color: #dedcdc;\"> [11.\u00ba Ano] [12.\u00ba Ano]<\/span>[\/vc_column_text][\/vc_column][\/vc_row][vc_row][vc_column][vc_custom_heading text=&#8221;T\u00e9cnico de Design de Comunica\u00e7\u00e3o Gr\u00e1fica&#8221; use_theme_fonts=&#8221;yes&#8221; css=&#8221;&#8221;][\/vc_column][\/vc_row][vc_row][vc_column width=&#8221;1\/4&#8243;][vc_single_image image=&#8221;8953&#8243; img_size=&#8221;medium&#8221; style=&#8221;vc_box_rounded&#8221; css_animation=&#8221;none&#8221; css=&#8221;&#8221;][\/vc_column][vc_column width=&#8221;3\/4&#8243;]\n\t\t\t\t\t<div class=\"wh-theme-icon  scp_theme_icon-48e5c1fb7b6e9f02ed3cd112b68e2723\">\n\t\t\t\t<i class=\"icon-edic_picture_as_pdf\"><\/i>\n\t\t\t<\/div>\n\t\t\t\t[vc_custom_heading text=&#8221;Plano Curricular&#8221; font_container=&#8221;tag:h6|text_align:left&#8221; use_theme_fonts=&#8221;yes&#8221; css=&#8221;.vc_custom_1775988683797{padding-left: 40px !important;}&#8221; link=&#8221;url:https%3A%2F%2Fesffranco.edu.pt%2Fweb%2Fwp-content%2Fuploads%2F2026%2F04%2FTecnicoDesignComunicacaoGrafica.pdf|target:_blank|rel:nofollow&#8221;][vc_column_text css=&#8221;&#8221;]<strong>[10.\u00ba Ano]<\/strong><span style=\"color: #dedcdc;\">[11.\u00ba Ano][12.\u00ba Ano]<\/span>[\/vc_column_text][\/vc_column][\/vc_row][vc_row][vc_column][vc_custom_heading text=&#8221;T\u00e9cnico de Apoio \u00e0 Gest\u00e3o&#8221; use_theme_fonts=&#8221;yes&#8221;][\/vc_column][\/vc_row][vc_row][vc_column width=&#8221;1\/4&#8243;][vc_single_image image=&#8221;3414&#8243; img_size=&#8221;medium&#8221; style=&#8221;vc_box_rounded&#8221; css_animation=&#8221;none&#8221;][\/vc_column][vc_column width=&#8221;3\/4&#8243;]\n\t\t\t\t\t<div class=\"wh-theme-icon  scp_theme_icon-48e5c1fb7b6e9f02ed3cd112b68e2723\">\n\t\t\t\t<i class=\"icon-edic_picture_as_pdf\"><\/i>\n\t\t\t<\/div>\n\t\t\t\t[vc_custom_heading text=&#8221;Plano Curricular&#8221; font_container=&#8221;tag:h6|text_align:left&#8221; use_theme_fonts=&#8221;yes&#8221; css=&#8221;.vc_custom_1749238306925{padding-left: 40px !important;}&#8221; link=&#8221;url:https%3A%2F%2Fesffranco.edu.pt%2Fweb%2Fwp-content%2Fuploads%2F2025%2F06%2FTAG.pdf|target:_blank|rel:nofollow&#8221;][vc_column_text css=&#8221;&#8221;]<span style=\"color: #dedcdc;\"> [10.\u00ba Ano]<\/span> <strong>[11.\u00ba Ano] [12.\u00ba Ano]<\/strong>[\/vc_column_text][\/vc_column][\/vc_row][vc_row][vc_column][vc_custom_heading text=&#8221;T\u00e9cnico de Gest\u00e3o de Equipamentos Inform\u00e1ticos&#8221; use_theme_fonts=&#8221;yes&#8221;][\/vc_column][\/vc_row][vc_row][vc_column width=&#8221;1\/4&#8243;][vc_single_image image=&#8221;3403&#8243; img_size=&#8221;medium&#8221; style=&#8221;vc_box_rounded&#8221; css_animation=&#8221;none&#8221;][\/vc_column][vc_column width=&#8221;3\/4&#8243;]\n\t\t\t\t\t<div class=\"wh-theme-icon  scp_theme_icon-48e5c1fb7b6e9f02ed3cd112b68e2723\">\n\t\t\t\t<i class=\"icon-edic_picture_as_pdf\"><\/i>\n\t\t\t<\/div>\n\t\t\t\t[vc_custom_heading text=&#8221;Plano Curricular&#8221; font_container=&#8221;tag:h6|text_align:left&#8221; use_theme_fonts=&#8221;yes&#8221; css=&#8221;.vc_custom_1749238409384{padding-left: 40px !important;}&#8221; link=&#8221;url:https%3A%2F%2Fesffranco.edu.pt%2Fweb%2Fwp-content%2Fuploads%2F2025%2F06%2FTGEI.pdf|target:_blank|rel:nofollow&#8221;][vc_column_text css=&#8221;&#8221;]<span style=\"color: #dedcdc;\"> [10.\u00ba Ano]<\/span> <strong>[11.\u00ba Ano] [12.\u00ba Ano]<\/strong>[\/vc_column_text][\/vc_column][\/vc_row][vc_row][vc_column][vc_custom_heading text=&#8221;T\u00e9cnico de Inform\u00e1tica de Gest\u00e3o&#8221; use_theme_fonts=&#8221;yes&#8221;][\/vc_column][\/vc_row][vc_row][vc_column width=&#8221;1\/4&#8243;][vc_single_image image=&#8221;3407&#8243; img_size=&#8221;medium&#8221; style=&#8221;vc_box_rounded&#8221; css_animation=&#8221;none&#8221;][\/vc_column][vc_column width=&#8221;3\/4&#8243;]\n\t\t\t\t\t<div class=\"wh-theme-icon  scp_theme_icon-48e5c1fb7b6e9f02ed3cd112b68e2723\">\n\t\t\t\t<i class=\"icon-edic_picture_as_pdf\"><\/i>\n\t\t\t<\/div>\n\t\t\t\t[vc_custom_heading text=&#8221;Plano Curricular&#8221; font_container=&#8221;tag:h6|text_align:left&#8221; use_theme_fonts=&#8221;yes&#8221; css=&#8221;.vc_custom_1749238479340{padding-left: 40px !important;}&#8221; link=&#8221;url:https%3A%2F%2Fesffranco.edu.pt%2Fweb%2Fwp-content%2Fuploads%2F2025%2F06%2FTIG.pdf|target:_blank|rel:nofollow&#8221;][vc_column_text css=&#8221;&#8221;]<span style=\"color: #dedcdc;\"> [10.\u00ba Ano] <\/span><strong>[11.\u00ba Ano] [12.\u00ba Ano]<\/strong>[\/vc_column_text][\/vc_column][\/vc_row][vc_row][vc_column][vc_custom_heading text=&#8221;T\u00e9cnico de Multim\u00e9dia&#8221; use_theme_fonts=&#8221;yes&#8221;][\/vc_column][\/vc_row][vc_row][vc_column width=&#8221;1\/4&#8243;][vc_single_image image=&#8221;3405&#8243; img_size=&#8221;medium&#8221; style=&#8221;vc_box_rounded&#8221; css_animation=&#8221;none&#8221;][\/vc_column][vc_column width=&#8221;3\/4&#8243;]\n\t\t\t\t\t<div class=\"wh-theme-icon  scp_theme_icon-48e5c1fb7b6e9f02ed3cd112b68e2723\">\n\t\t\t\t<i class=\"icon-edic_picture_as_pdf\"><\/i>\n\t\t\t<\/div>\n\t\t\t\t[vc_custom_heading text=&#8221;Plano Curricular&#8221; font_container=&#8221;tag:h6|text_align:left&#8221; use_theme_fonts=&#8221;yes&#8221; css=&#8221;.vc_custom_1749238548016{padding-left: 40px !important;}&#8221; link=&#8221;url:https%3A%2F%2Fesffranco.edu.pt%2Fweb%2Fwp-content%2Fuploads%2F2025%2F06%2FTM.pdf|target:_blank|rel:nofollow&#8221;][vc_column_text css=&#8221;&#8221;]<span style=\"color: #dedcdc;\"> [10.\u00ba Ano]<\/span> <strong>[11.\u00ba Ano] [12.\u00ba Ano]<\/strong>[\/vc_column_text][\/vc_column][\/vc_row][vc_row disable_element=&#8221;yes&#8221;][vc_column][vc_custom_heading text=&#8221;T\u00e9cnico Auxiliar de Sa\u00fade&#8221; use_theme_fonts=&#8221;yes&#8221;][\/vc_column][\/vc_row][vc_row disable_element=&#8221;yes&#8221;][vc_column width=&#8221;1\/4&#8243;][vc_single_image image=&#8221;3408&#8243; img_size=&#8221;medium&#8221; style=&#8221;vc_box_rounded&#8221; css_animation=&#8221;none&#8221;][\/vc_column][vc_column width=&#8221;3\/4&#8243;]\n\t\t\t\t\t<div class=\"wh-theme-icon  scp_theme_icon-48e5c1fb7b6e9f02ed3cd112b68e2723\">\n\t\t\t\t<i class=\"icon-edic_picture_as_pdf\"><\/i>\n\t\t\t<\/div>\n\t\t\t\t[vc_custom_heading text=&#8221;Plano Curricular&#8221; font_container=&#8221;tag:h6|text_align:left&#8221; use_theme_fonts=&#8221;yes&#8221; css=&#8221;.vc_custom_1683145125768{padding-left: 40px !important;}&#8221; link=&#8221;url:https%3A%2F%2Fesffranco.edu.pt%2Fweb%2Fwp-content%2Fuploads%2F2023%2F05%2FCPTAS.pdf|target:_blank|rel:nofollow&#8221;][vc_column_text css=&#8221;&#8221;]<span style=\"color: #dedcdc;\">[10.\u00ba Ano][11.\u00ba Ano] <\/span> <strong>[12.\u00ba Ano]<\/strong>[\/vc_column_text][\/vc_column][\/vc_row][vc_row disable_element=&#8221;yes&#8221;][vc_column][vc_custom_heading text=&#8221;T\u00e9cnico de Eletr\u00f3nica, Automa\u00e7\u00e3o e Comando `{`Rob\u00f3tica`}`&#8221; use_theme_fonts=&#8221;yes&#8221;][\/vc_column][\/vc_row][vc_row disable_element=&#8221;yes&#8221;][vc_column width=&#8221;1\/4&#8243;][vc_single_image image=&#8221;3404&#8243; img_size=&#8221;medium&#8221; style=&#8221;vc_box_rounded&#8221; css_animation=&#8221;none&#8221;][\/vc_column][vc_column width=&#8221;3\/4&#8243;]\n\t\t\t\t\t<div class=\"wh-theme-icon  scp_theme_icon-48e5c1fb7b6e9f02ed3cd112b68e2723\">\n\t\t\t\t<i class=\"icon-edic_picture_as_pdf\"><\/i>\n\t\t\t<\/div>\n\t\t\t\t[vc_custom_heading text=&#8221;Plano Curricular&#8221; font_container=&#8221;tag:h6|text_align:left&#8221; use_theme_fonts=&#8221;yes&#8221; css=&#8221;.vc_custom_1683145157288{padding-left: 40px !important;}&#8221; link=&#8221;url:https%3A%2F%2Fesffranco.edu.pt%2Fweb%2Fwp-content%2Fuploads%2F2023%2F05%2FCPTEAC.pdf|target:_blank|rel:nofollow&#8221;][vc_column_text css=&#8221;&#8221;]<span style=\"color: #dedcdc;\">[10.\u00ba Ano][11.\u00ba Ano]<\/span> <strong>[12.\u00ba Ano]<\/strong>[\/vc_column_text][\/vc_column][\/vc_row]<\/p>\n<\/div>","protected":false},"excerpt":{"rendered":"<p>[vc_row][vc_column][vc_custom_heading text=&#8221;Guia Cursos Profissionais&#8221; use_theme_fonts=&#8221;yes&#8221; css=&#8221;&#8221;][vc_column_text css=&#8221;&#8221;] [\/vc_column_text][\/vc_column][\/vc_row][vc_row][vc_column][vc_custom_heading text=&#8221;T\u00e9cnico de Gest\u00e3o e Administra\u00e7\u00e3o&#8221; use_theme_fonts=&#8221;yes&#8221; css=&#8221;&#8221;][\/vc_column][\/vc_row][vc_row][vc_column width=&#8221;1\/4&#8243;][vc_single_image image=&#8221;8958&#8243; img_size=&#8221;medium&#8221; style=&#8221;vc_box_rounded&#8221; css_animation=&#8221;none&#8221;&nbsp;<a href=\"https:\/\/esffranco.edu.pt\/web\/ofertaeducativa\/cursos-profissionais\/\">&hellip;<\/a><\/p>\n","protected":false},"author":1,"featured_media":0,"parent":322,"menu_order":1,"comment_status":"closed","ping_status":"closed","template":"template-sidebar-right-childpages.php","meta":{"footnotes":""},"folder":[],"class_list":["post-840","page","type-page","status-publish","hentry","odd"],"_links":{"self":[{"href":"https:\/\/esffranco.edu.pt\/web\/wp-json\/wp\/v2\/pages\/840","targetHints":{"allow":["GET"]}}],"collection":[{"href":"https:\/\/esffranco.edu.pt\/web\/wp-json\/wp\/v2\/pages"}],"about":[{"href":"https:\/\/esffranco.edu.pt\/web\/wp-json\/wp\/v2\/types\/page"}],"author":[{"embeddable":true,"href":"https:\/\/esffranco.edu.pt\/web\/wp-json\/wp\/v2\/users\/1"}],"replies":[{"embeddable":true,"href":"https:\/\/esffranco.edu.pt\/web\/wp-json\/wp\/v2\/comments?post=840"}],"version-history":[{"count":25,"href":"https:\/\/esffranco.edu.pt\/web\/wp-json\/wp\/v2\/pages\/840\/revisions"}],"predecessor-version":[{"id":9032,"href":"https:\/\/esffranco.edu.pt\/web\/wp-json\/wp\/v2\/pages\/840\/revisions\/9032"}],"up":[{"embeddable":true,"href":"https:\/\/esffranco.edu.pt\/web\/wp-json\/wp\/v2\/pages\/322"}],"wp:attachment":[{"href":"https:\/\/esffranco.edu.pt\/web\/wp-json\/wp\/v2\/media?parent=840"}],"wp:term":[{"taxonomy":"folder","embeddable":true,"href":"https:\/\/esffranco.edu.pt\/web\/wp-json\/wp\/v2\/folder?post=840"}],"curies":[{"name":"wp","href":"https:\/\/api.w.org\/{rel}","templated":true}]}}