{"id":7190,"date":"2025-03-24T22:38:03","date_gmt":"2025-03-24T22:38:03","guid":{"rendered":"https:\/\/esffranco.edu.pt\/web\/?page_id=7190"},"modified":"2025-03-24T22:38:03","modified_gmt":"2025-03-24T22:38:03","slug":"pisa-2025","status":"publish","type":"page","link":"https:\/\/esffranco.edu.pt\/web\/pisa-2025\/","title":{"rendered":"PISA 2025"},"content":{"rendered":"<div class=\"wpb-content-wrapper\"><p>[vc_row][vc_column][vc_custom_heading text=&#8221;Estudo PISA2025 na Escola Secund\u00e1ria de Francisco Franco&#8221; font_container=&#8221;tag:h3|text_align:left&#8221; use_theme_fonts=&#8221;yes&#8221; css=&#8221;&#8221;][vc_single_image image=&#8221;7196&#8243; img_size=&#8221;medium&#8221; alignment=&#8221;center&#8221; onclick=&#8221;link_image&#8221; css=&#8221;&#8221;][\/vc_column][\/vc_row][vc_row][vc_column][vc_column_text css=&#8221;&#8221;]Portugal vai participar no estudo PISA 2025 (Programme for International Student Assessment), que avalia as compet\u00eancias dos alunos de 15 anos de idade (nascidos no ano 2009) para usar, extrapolar e aplicar conhecimentos e capacidades em situa\u00e7\u00f5es que visam reproduzir contextos pr\u00f3ximos da realidade.<\/p>\n<p>A Escola Secund\u00e1ria de Francisco Franco foi uma das escolas selecionadas para participar no estudo PISA 2025, no sentido de continuar o trabalho iniciado nos anos letivos anteriores.<br \/>\nOs testes realizam-se em ciclos de tr\u00eas anos, sendo avaliadas as \u00e1reas de literacia de Matem\u00e1tica, Ci\u00eancias, Leitura e, este ano, Teste FLA \u2013 Avalia\u00e7\u00e3o de L\u00edngua Estrangeira \u2013 Ingl\u00eas. Avalia ainda a Literacia Financeira e o Pensamento Criativo.<\/p>\n<p>Foram selecionados, aleatoriamente, 53 alunos nascidos no ano de 2009, sendo que, 42 alunos ir\u00e3o responder ao \u00abTeste PISA\u00bb e 11 alunos ir\u00e3o responder ao \u00abTeste FLA &#8211; Avalia\u00e7\u00e3o de L\u00edngua Estrangeira \u2013 Ingl\u00eas\u00bb. O \u00abTeste PISA\u00bb inclui a avalia\u00e7\u00e3o das literacias de leitura, de matem\u00e1tica e cient\u00edfica e, como novidade deste ciclo 2025, vai avaliar ainda a Aprendizagem no Mundo Digital. O \u00abTeste FLA &#8211; Avalia\u00e7\u00e3o de L\u00edngua Estrangeira \u2013 Ingl\u00eas\u00bb avalia, principalmente, as compet\u00eancias dos alunos em ingl\u00eas, centrando-se na leitura, compreens\u00e3o e produ\u00e7\u00e3o oral.<\/p>\n<p>Os testes s\u00e3o realizados em computador e na mesma l\u00edngua em que os alunos estudam, exceto os alunos selecionados para os testes PISA-R (Reading) e PISA-LS (Listening\/Speaking), que realizam o teste em L\u00edngua Inglesa.<\/p>\n<p>Se desejar mais informa\u00e7\u00e3o sobre o Estudo PISA, poder\u00e1 consultar o s\u00edtio da OCDE, em <a href=\"https:\/\/www.oecd.org\/pisa\/\" target=\"_blank\" rel=\"noopener\">https:\/\/www.oecd.org\/pisa\/<\/a> ou o s\u00edtio do Centro Nacional, em <a href=\"https:\/\/iave.pt\/estudo-internacional\/pisa\/\" target=\"_blank\" rel=\"noopener\">https:\/\/iave.pt\/estudo-internacional\/pisa\/<\/a>. Com o seu educando poder\u00e1, ainda, ver e experimentar responder a algumas das quest\u00f5es que fizeram parte do teste PISA em ciclos anteriores do estudo e que atualmente est\u00e3o dispon\u00edveis como exemplo em <a href=\"https:\/\/www.oecd.org\/pisa\/test\/\" target=\"_blank\" rel=\"noopener\">https:\/\/www.oecd.org\/pisa\/test\/<\/a> ou em <a href=\"https:\/\/iave.pt\/estudo-internacional\/pisa\/\" target=\"_blank\" rel=\"noopener\">https:\/\/iave.pt\/estudo-internacional\/pisa\/<\/a>.<\/p>\n<p><em>O tratamento de dados pessoais \u00e9 realizado pelo IAVE para efeitos de gest\u00e3o do estudo PISA, estando fundamentado no cumprimento de obriga\u00e7\u00f5es jur\u00eddicas, de acordo com os termos gerais da Pol\u00edtica de Prote\u00e7\u00e3o de Dados e Privacidade acess\u00edveis em www.iave.pt. Para qualquer informa\u00e7\u00e3o adicional, comunica\u00e7\u00e3o de incidentes, reclama\u00e7\u00f5es, exerc\u00edcio de direitos ou comunica\u00e7\u00e3o de incidentes de viola\u00e7\u00e3o de dados e de seguran\u00e7a da informa\u00e7\u00e3o, \u00e9 favor contatar o Encarregado da Prote\u00e7\u00e3o de Dados atrav\u00e9s do email <a href=\"mailto:protecao.dados@iave.pt\" target=\"_blank\" rel=\"noopener\">protecao.dados@iave.pt<\/a>.<\/em><\/p>\n<p>As professoras Associadas do Estudo PISA2025, da ESFF,[\/vc_column_text][vc_row_inner][vc_column_inner][vc_custom_heading text=&#8221;Carol Aguiar e Sandra Sousa&#8221; google_fonts=&#8221;font_family:Freehand%3Aregular|font_style:400%20regular%3A400%3Anormal&#8221; css=&#8221;&#8221;][\/vc_column_inner][\/vc_row_inner][\/vc_column][\/vc_row][vc_row][vc_column][vc_separator color=&#8221;blue&#8221; css_animation=&#8221;fadeInLeft&#8221;][\/vc_column][\/vc_row][vc_row][vc_column][vc_column_text css=&#8221;&#8221;]<a href=\"https:\/\/esffranco.edu.pt\/web\/wp-content\/uploads\/2025\/03\/Folheto_PISA2025.pdf\" class=\"pdfemb-viewer\" style=\"\" data-width=\"max\" data-height=\"max\" data-toolbar=\"bottom\" data-toolbar-fixed=\"on\">Folheto_PISA2025<\/a>[\/vc_column_text][\/vc_column][\/vc_row][vc_row][vc_column][vc_btn title=&#8221;Descarregar folheto&#8221; color=&#8221;danger&#8221; i_icon_fontawesome=&#8221;fas fa-download&#8221; css=&#8221;&#8221; add_icon=&#8221;true&#8221; link=&#8221;url:https%3A%2F%2Fesffranco.edu.pt%2Fweb%2Fwp-content%2Fuploads%2F2025%2F03%2FFolheto_PISA2025.pdf%20|download&#8221;][\/vc_column][\/vc_row]<\/p>\n<\/div>","protected":false},"excerpt":{"rendered":"<p>[vc_row][vc_column][vc_custom_heading text=&#8221;Estudo PISA2025 na Escola Secund\u00e1ria de Francisco Franco&#8221; font_container=&#8221;tag:h3|text_align:left&#8221; use_theme_fonts=&#8221;yes&#8221; css=&#8221;&#8221;][vc_single_image image=&#8221;7196&#8243; img_size=&#8221;medium&#8221; alignment=&#8221;center&#8221; onclick=&#8221;link_image&#8221; css=&#8221;&#8221;][\/vc_column][\/vc_row][vc_row][vc_column][vc_column_text css=&#8221;&#8221;]Portugal vai participar&nbsp;<a href=\"https:\/\/esffranco.edu.pt\/web\/pisa-2025\/\">&hellip;<\/a><\/p>\n","protected":false},"author":1,"featured_media":0,"parent":0,"menu_order":0,"comment_status":"closed","ping_status":"closed","template":"template-fullwidth.php","meta":{"footnotes":""},"folder":[],"class_list":["post-7190","page","type-page","status-publish","hentry","odd"],"_links":{"self":[{"href":"https:\/\/esffranco.edu.pt\/web\/wp-json\/wp\/v2\/pages\/7190","targetHints":{"allow":["GET"]}}],"collection":[{"href":"https:\/\/esffranco.edu.pt\/web\/wp-json\/wp\/v2\/pages"}],"about":[{"href":"https:\/\/esffranco.edu.pt\/web\/wp-json\/wp\/v2\/types\/page"}],"author":[{"embeddable":true,"href":"https:\/\/esffranco.edu.pt\/web\/wp-json\/wp\/v2\/users\/1"}],"replies":[{"embeddable":true,"href":"https:\/\/esffranco.edu.pt\/web\/wp-json\/wp\/v2\/comments?post=7190"}],"version-history":[{"count":8,"href":"https:\/\/esffranco.edu.pt\/web\/wp-json\/wp\/v2\/pages\/7190\/revisions"}],"predecessor-version":[{"id":7201,"href":"https:\/\/esffranco.edu.pt\/web\/wp-json\/wp\/v2\/pages\/7190\/revisions\/7201"}],"wp:attachment":[{"href":"https:\/\/esffranco.edu.pt\/web\/wp-json\/wp\/v2\/media?parent=7190"}],"wp:term":[{"taxonomy":"folder","embeddable":true,"href":"https:\/\/esffranco.edu.pt\/web\/wp-json\/wp\/v2\/folder?post=7190"}],"curies":[{"name":"wp","href":"https:\/\/api.w.org\/{rel}","templated":true}]}}