{"id":575,"date":"2022-01-31T20:19:44","date_gmt":"2022-01-31T20:19:44","guid":{"rendered":"https:\/\/esffranco.edu.pt\/web\/?page_id=575"},"modified":"2026-03-24T17:54:48","modified_gmt":"2026-03-24T17:54:48","slug":"documentos","status":"publish","type":"page","link":"https:\/\/esffranco.edu.pt\/web\/escola\/documentos\/","title":{"rendered":"Documentos"},"content":{"rendered":"<div class=\"wpb-content-wrapper\"><p>[vc_row][vc_column][vc_custom_heading text=&#8221;Documentos Gerais&#8221; use_theme_fonts=&#8221;yes&#8221;][\/vc_column][\/vc_row][vc_row][vc_column width=&#8221;1\/2&#8243;]\n\t\t\t\t\t<div class=\"wh-theme-icon  scp_theme_icon-9a9c9b80b3f4197cb420a2494489e89c\">\n\t\t\t\t<i class=\"icon-edic_picture_as_pdf\"><\/i>\n\t\t\t<\/div>\n\t\t\t\t[vc_custom_heading text=&#8221;Elei\u00e7\u00e3o da Comiss\u00e3o Parit\u00e1ria &#8211; Despacho n\u00ba 2\/2020&#8243; font_container=&#8221;tag:h6|text_align:left&#8221; use_theme_fonts=&#8221;yes&#8221; css=&#8221;.vc_custom_1665325128185{margin-top: -35px !important;margin-left: 45px !important;}&#8221; link=&#8221;url:https%3A%2F%2Fesffranco.edu.pt%2Fweb%2Ffiles%2Fescola%2FDespacho2-2020.pdf|target:_blank&#8221; el_class=&#8221;hoverable&#8221;]\n\t\t\t\t\t<div class=\"wh-theme-icon  scp_theme_icon-9a9c9b80b3f4197cb420a2494489e89c\">\n\t\t\t\t<i class=\"icon-edic_picture_as_pdf\"><\/i>\n\t\t\t<\/div>\n\t\t\t\t[vc_custom_heading text=&#8221;Calend\u00e1rio Escolar ESFF&#8221; font_container=&#8221;tag:h6|text_align:left&#8221; use_theme_fonts=&#8221;yes&#8221; css=&#8221;.vc_custom_1757345284000{margin-top: -35px !important;margin-left: 45px !important;}&#8221; link=&#8221;url:https%3A%2F%2Fesffranco.edu.pt%2Fweb%2Fwp-content%2Fuploads%2F2025%2F09%2FCalendarioEscolar2526ESFF.pdf|target:_blank&#8221; el_class=&#8221;hoverable&#8221;][vc_separator css_animation=&#8221;fadeInLeft&#8221;]\n\t\t\t\t\t<div class=\"wh-theme-icon  scp_theme_icon-9a9c9b80b3f4197cb420a2494489e89c\">\n\t\t\t\t<i class=\"icon-edic_picture_as_pdf\"><\/i>\n\t\t\t<\/div>\n\t\t\t\t[vc_custom_heading text=&#8221;Ata Elei\u00e7\u00e3o Comiss\u00e3o parit\u00e1ria&#8221; font_container=&#8221;tag:h6|text_align:left&#8221; use_theme_fonts=&#8221;yes&#8221; css=&#8221;.vc_custom_1665324911517{margin-top: -35px !important;margin-left: 45px !important;}&#8221; link=&#8221;url:https%3A%2F%2Fesffranco.edu.pt%2Fweb%2Ffiles%2Fescola%2FAtaElei%C3%A7%C3%A3oComiss%C3%A3oParit%C3%A1ria.pdf|target:_blank&#8221; el_class=&#8221;hoverable&#8221;][vc_separator css_animation=&#8221;fadeInLeft&#8221;]\n\t\t\t\t\t<div class=\"wh-theme-icon  scp_theme_icon-9a9c9b80b3f4197cb420a2494489e89c\">\n\t\t\t\t<i class=\"icon-edic_picture_as_pdf\"><\/i>\n\t\t\t<\/div>\n\t\t\t\t[vc_custom_heading text=&#8221;Informa\u00e7\u00e3o COVID-19&#8243; font_container=&#8221;tag:h6|text_align:left&#8221; use_theme_fonts=&#8221;yes&#8221; css=&#8221;.vc_custom_1665325207541{margin-top: -35px !important;margin-left: 45px !important;}&#8221; link=&#8221;url:https%3A%2F%2Fesffranco.edu.pt%2Fweb%2Ffiles%2Fescola%2FInforma%C3%A7%C3%A3oCOVID.pdf|target:_blank&#8221; el_class=&#8221;hoverable&#8221;][vc_separator css_animation=&#8221;fadeInLeft&#8221;]\n\t\t\t\t\t<div class=\"wh-theme-icon  scp_theme_icon-9a9c9b80b3f4197cb420a2494489e89c\">\n\t\t\t\t<i class=\"icon-edic_picture_as_pdf\"><\/i>\n\t\t\t<\/div>\n\t\t\t\t[vc_custom_heading text=&#8221;Procedimentos de Confinamento&#8221; font_container=&#8221;tag:h6|text_align:left&#8221; use_theme_fonts=&#8221;yes&#8221; css=&#8221;.vc_custom_1665326140856{margin-top: -35px !important;margin-left: 45px !important;}&#8221; link=&#8221;url:https%3A%2F%2Fesffranco.edu.pt%2Fweb%2Ffiles%2Fescola%2FProcedimentosConfinamento.pdf|target:_blank&#8221; el_class=&#8221;hoverable&#8221;][vc_separator css_animation=&#8221;fadeInLeft&#8221;]\n\t\t\t\t\t<div class=\"wh-theme-icon  scp_theme_icon-9a9c9b80b3f4197cb420a2494489e89c\">\n\t\t\t\t<i class=\"icon-edic_picture_as_pdf\"><\/i>\n\t\t\t<\/div>\n\t\t\t\t[vc_custom_heading text=&#8221;Plano de Conting\u00eancia COVID-19&#8243; font_container=&#8221;tag:h6|text_align:left&#8221; use_theme_fonts=&#8221;yes&#8221; css=&#8221;.vc_custom_1665325743246{margin-top: -35px !important;margin-left: 45px !important;}&#8221; link=&#8221;url:https%3A%2F%2Fesffranco.edu.pt%2Fweb%2Ffiles%2Fescola%2FPlanoCOVID-19_ESFF.pdf|target:_blank&#8221; el_class=&#8221;hoverable&#8221;][vc_separator css_animation=&#8221;fadeInLeft&#8221;]\n\t\t\t\t\t<div class=\"wh-theme-icon  scp_theme_icon-9a9c9b80b3f4197cb420a2494489e89c\">\n\t\t\t\t<i class=\"icon-edic_picture_as_pdf\"><\/i>\n\t\t\t<\/div>\n\t\t\t\t[vc_custom_heading text=&#8221;Mapa de Pessoal N\u00e3o Docente&#8221; font_container=&#8221;tag:h6|text_align:left&#8221; use_theme_fonts=&#8221;yes&#8221; css=&#8221;.vc_custom_1762878884703{margin-top: -35px !important;margin-left: 45px !important;}&#8221; link=&#8221;url:https%3A%2F%2Fesffranco.edu.pt%2Fweb%2Fwp-content%2Fuploads%2F2025%2F11%2FMapaPessoaNDESFF.pdf|target:_blank&#8221; el_class=&#8221;hoverable&#8221;][vc_separator css_animation=&#8221;fadeInLeft&#8221;]\n\t\t\t\t\t<div class=\"wh-theme-icon  scp_theme_icon-9a9c9b80b3f4197cb420a2494489e89c\">\n\t\t\t\t<i class=\"icon-edic_picture_as_pdf\"><\/i>\n\t\t\t<\/div>\n\t\t\t\t[vc_custom_heading text=&#8221;Participa\u00e7\u00e3o de Incidente&#8221; font_container=&#8221;tag:h6|text_align:left&#8221; use_theme_fonts=&#8221;yes&#8221; css=&#8221;.vc_custom_1665327600629{margin-top: -35px !important;margin-left: 45px !important;}&#8221; link=&#8221;url:https%3A%2F%2Fesffranco.edu.pt%2Fweb%2Ffiles%2Fescola%2FParticipa%C3%A7%C3%A3oIncidente.pdf|target:_blank&#8221; el_class=&#8221;hoverable&#8221;][\/vc_column][vc_column width=&#8221;1\/2&#8243;]\n\t\t\t\t\t<div class=\"wh-theme-icon  scp_theme_icon-9a9c9b80b3f4197cb420a2494489e89c\">\n\t\t\t\t<i class=\"icon-edic_picture_as_pdf\"><\/i>\n\t\t\t<\/div>\n\t\t\t\t[vc_custom_heading text=&#8221;Plano Anual de Forma\u00e7\u00e3o&#8221; font_container=&#8221;tag:h6|text_align:left&#8221; use_theme_fonts=&#8221;yes&#8221; css=&#8221;.vc_custom_1737473171880{margin-top: -35px !important;margin-left: 45px !important;}&#8221; link=&#8221;url:https%3A%2F%2Fesffranco.edu.pt%2Fweb%2Fwp-content%2Fuploads%2F2025%2F01%2FPlanoAnualFormacao2425.pdf|target:_blank&#8221; el_class=&#8221;hoverable&#8221;][vc_separator css_animation=&#8221;fadeInLeft&#8221;]\n\t\t\t\t\t<div class=\"wh-theme-icon  scp_theme_icon-9a9c9b80b3f4197cb420a2494489e89c\">\n\t\t\t\t<i class=\"icon-edic_picture_as_pdf\"><\/i>\n\t\t\t<\/div>\n\t\t\t\t[vc_custom_heading text=&#8221;Plano de Emerg\u00eancia Familiar&#8221; font_container=&#8221;tag:h6|text_align:left&#8221; use_theme_fonts=&#8221;yes&#8221; css=&#8221;.vc_custom_1665325897533{margin-top: -35px !important;margin-left: 45px !important;}&#8221; link=&#8221;url:https%3A%2F%2Fesffranco.edu.pt%2Fweb%2Ffiles%2Fescola%2FPEF_ESFF_2021_22.pdf|target:_blank&#8221; el_class=&#8221;hoverable&#8221;][vc_separator css_animation=&#8221;fadeInLeft&#8221;]\n\t\t\t\t\t<div class=\"wh-theme-icon  scp_theme_icon-9a9c9b80b3f4197cb420a2494489e89c\">\n\t\t\t\t<i class=\"icon-edic_picture_as_pdf\"><\/i>\n\t\t\t<\/div>\n\t\t\t\t[vc_custom_heading text=&#8221;Plano Anual de Atividades&#8221; font_container=&#8221;tag:h6|text_align:left&#8221; use_theme_fonts=&#8221;yes&#8221; css=&#8221;.vc_custom_1774211753430{margin-top: -35px !important;margin-left: 45px !important;}&#8221; link=&#8221;url:https%3A%2F%2Fesffranco.edu.pt%2Fweb%2Fwp-content%2Fuploads%2F2026%2F03%2FPlanoAnualAtividades2526.pdf|target:_blank&#8221; el_class=&#8221;hoverable&#8221;][vc_separator css_animation=&#8221;fadeInLeft&#8221;]\n\t\t\t\t\t<div class=\"wh-theme-icon  scp_theme_icon-9a9c9b80b3f4197cb420a2494489e89c\">\n\t\t\t\t<i class=\"icon-edic_picture_as_pdf\"><\/i>\n\t\t\t<\/div>\n\t\t\t\t[vc_custom_heading text=&#8221;Plano TIC&#8221; font_container=&#8221;tag:h6|text_align:left&#8221; use_theme_fonts=&#8221;yes&#8221; css=&#8221;.vc_custom_1764772780235{margin-top: -35px !important;margin-left: 45px !important;}&#8221; link=&#8221;url:https%3A%2F%2Fesffranco.edu.pt%2Fweb%2Fwp-content%2Fuploads%2F2025%2F12%2FPlanoTIC2526.pdf|target:_blank&#8221; el_class=&#8221;hoverable&#8221;][vc_separator css_animation=&#8221;fadeInLeft&#8221;]\n\t\t\t\t\t<div class=\"wh-theme-icon  scp_theme_icon-9a9c9b80b3f4197cb420a2494489e89c\">\n\t\t\t\t<i class=\"icon-edic_picture_as_pdf\"><\/i>\n\t\t\t<\/div>\n\t\t\t\t[vc_custom_heading text=&#8221;Plano Preven\u00e7\u00e3o e Emerg\u00eancia&#8221; font_container=&#8221;tag:h6|text_align:left&#8221; use_theme_fonts=&#8221;yes&#8221; css=&#8221;.vc_custom_1736886918473{margin-top: -35px !important;margin-left: 45px !important;}&#8221; link=&#8221;url:https%3A%2F%2Fesffranco.edu.pt%2Fweb%2Fwp-content%2Fuploads%2F2025%2F01%2FPlanoPrevencaoEmergencia2425.pdf|target:_blank&#8221; el_class=&#8221;hoverable&#8221;][vc_separator css_animation=&#8221;fadeInLeft&#8221;]\n\t\t\t\t\t<div class=\"wh-theme-icon  scp_theme_icon-9a9c9b80b3f4197cb420a2494489e89c\">\n\t\t\t\t<i class=\"icon-edic_picture_as_pdf\"><\/i>\n\t\t\t<\/div>\n\t\t\t\t[vc_custom_heading text=&#8221;Projeto Educativo 2025-2029&#8243; font_container=&#8221;tag:h6|text_align:left&#8221; use_theme_fonts=&#8221;yes&#8221; css=&#8221;.vc_custom_1761167910859{margin-top: -35px !important;margin-left: 45px !important;}&#8221; link=&#8221;url:https%3A%2F%2Fesffranco.edu.pt%2Fweb%2Fwp-content%2Fuploads%2F2025%2F10%2FProjetoEducativo2529.pdf|target:_blank&#8221; el_class=&#8221;hoverable&#8221;][vc_separator css_animation=&#8221;fadeInLeft&#8221;]\n\t\t\t\t\t<div class=\"wh-theme-icon  scp_theme_icon-9a9c9b80b3f4197cb420a2494489e89c\">\n\t\t\t\t<i class=\"icon-edic_picture_as_pdf\"><\/i>\n\t\t\t<\/div>\n\t\t\t\t[vc_custom_heading text=&#8221;Regulamento Interno&#8221; font_container=&#8221;tag:h6|text_align:left&#8221; use_theme_fonts=&#8221;yes&#8221; css=&#8221;.vc_custom_1757345600000{margin-top: -35px !important;margin-left: 45px !important;}&#8221; link=&#8221;url:https%3A%2F%2Fesffranco.edu.pt%2Fweb%2Fwp-content%2Fuploads%2F2025%2F07%2FRegulamentoInterno2025.pdf|target:_blank&#8221; el_class=&#8221;hoverable&#8221;][vc_separator css_animation=&#8221;fadeInLeft&#8221;]\n\t\t\t\t\t<div class=\"wh-theme-icon  scp_theme_icon-9a9c9b80b3f4197cb420a2494489e89c\">\n\t\t\t\t<i class=\"icon-edic_picture_as_pdf\"><\/i>\n\t\t\t<\/div>\n\t\t\t\t[vc_custom_heading text=&#8221;C\u00f3digo de Conduta&#8221; font_container=&#8221;tag:h6|text_align:left&#8221; use_theme_fonts=&#8221;yes&#8221; css=&#8221;.vc_custom_1741608226075{margin-top: -35px !important;margin-left: 45px !important;}&#8221; link=&#8221;url:https%3A%2F%2Fesffranco.edu.pt%2Fweb%2Fwp-content%2Fuploads%2F2025%2F03%2FCodigoCondutaESFF2025.pdf|target:_blank&#8221; el_class=&#8221;hoverable&#8221;][\/vc_column][\/vc_row][vc_row][vc_column][vc_custom_heading text=&#8221;Documentos Professores&#8221; use_theme_fonts=&#8221;yes&#8221;][\/vc_column][\/vc_row][vc_row][vc_column width=&#8221;1\/2&#8243;]\n\t\t\t\t\t<div class=\"wh-theme-icon  scp_theme_icon-9a9c9b80b3f4197cb420a2494489e89c\">\n\t\t\t\t<i class=\"icon-edic_picture_as_pdf\"><\/i>\n\t\t\t<\/div>\n\t\t\t\t[vc_custom_heading text=&#8221;Antecipa\u00e7\u00e3o de Aula&#8221; font_container=&#8221;tag:h6|text_align:left&#8221; use_theme_fonts=&#8221;yes&#8221; css=&#8221;.vc_custom_1665326868502{margin-top: -35px !important;margin-left: 45px !important;}&#8221; link=&#8221;url:https%3A%2F%2Fesffranco.edu.pt%2Fweb%2Ffiles%2Fescola%2FAntecipa%C3%A7%C3%A3oAula.pdf|target:_blank&#8221; el_class=&#8221;hoverable&#8221;][vc_separator css_animation=&#8221;fadeInLeft&#8221;]\n\t\t\t\t\t<div class=\"wh-theme-icon  scp_theme_icon-9a9c9b80b3f4197cb420a2494489e89c\">\n\t\t\t\t<i class=\"icon-edic_picture_as_pdf\"><\/i>\n\t\t\t<\/div>\n\t\t\t\t[vc_custom_heading text=&#8221;Aula Extra&#8221; font_container=&#8221;tag:h6|text_align:left&#8221; use_theme_fonts=&#8221;yes&#8221; css=&#8221;.vc_custom_1665326920071{margin-top: -35px !important;margin-left: 45px !important;}&#8221; link=&#8221;url:https%3A%2F%2Fesffranco.edu.pt%2Fweb%2Ffiles%2Fescola%2FAulaExtra.pdf|target:_blank&#8221; el_class=&#8221;hoverable&#8221;][vc_separator css_animation=&#8221;fadeInLeft&#8221;]\n\t\t\t\t\t<div class=\"wh-theme-icon  scp_theme_icon-9a9c9b80b3f4197cb420a2494489e89c\">\n\t\t\t\t<i class=\"icon-edic_picture_as_pdf\"><\/i>\n\t\t\t<\/div>\n\t\t\t\t[vc_custom_heading text=&#8221;Permuta de Aula&#8221; font_container=&#8221;tag:h6|text_align:left&#8221; use_theme_fonts=&#8221;yes&#8221; css=&#8221;.vc_custom_1665327678742{margin-top: -35px !important;margin-left: 45px !important;}&#8221; link=&#8221;url:https%3A%2F%2Fesffranco.edu.pt%2Fweb%2Ffiles%2Fescola%2FPermutaAula.pdf|target:_blank&#8221; el_class=&#8221;hoverable&#8221;][vc_separator css_animation=&#8221;fadeInLeft&#8221;]\n\t\t\t\t\t<div class=\"wh-theme-icon  scp_theme_icon-9a9c9b80b3f4197cb420a2494489e89c\">\n\t\t\t\t<i class=\"icon-edic_picture_as_pdf\"><\/i>\n\t\t\t<\/div>\n\t\t\t\t[vc_custom_heading text=&#8221;Reposi\u00e7\u00e3o de Aula&#8221; font_container=&#8221;tag:h6|text_align:left&#8221; use_theme_fonts=&#8221;yes&#8221; css=&#8221;.vc_custom_1665327831641{margin-top: -35px !important;margin-left: 45px !important;}&#8221; link=&#8221;url:https%3A%2F%2Fesffranco.edu.pt%2Fweb%2Ffiles%2Fescola%2FReposi%C3%A7%C3%A3oAula.pdf|target:_blank&#8221; el_class=&#8221;hoverable&#8221;][vc_separator css_animation=&#8221;fadeInLeft&#8221;]\n\t\t\t\t\t<div class=\"wh-theme-icon  scp_theme_icon-9a9c9b80b3f4197cb420a2494489e89c\">\n\t\t\t\t<i class=\"icon-edic_picture_as_pdf\"><\/i>\n\t\t\t<\/div>\n\t\t\t\t[vc_custom_heading text=&#8221;Justifica\u00e7\u00e3o Interna de Faltas&#8221; font_container=&#8221;tag:h6|text_align:left&#8221; use_theme_fonts=&#8221;yes&#8221; css=&#8221;.vc_custom_1665327263240{margin-top: -35px !important;margin-left: 45px !important;}&#8221; link=&#8221;url:https%3A%2F%2Fesffranco.edu.pt%2Fweb%2Ffiles%2Fescola%2FJustifica%C3%A7%C3%A3oInternaFaltas.pdf|target:_blank&#8221; el_class=&#8221;hoverable&#8221;][vc_separator css_animation=&#8221;fadeInLeft&#8221;]\n\t\t\t\t\t<div class=\"wh-theme-icon  scp_theme_icon-9a9c9b80b3f4197cb420a2494489e89c\">\n\t\t\t\t<i class=\"icon-edic_picture_as_pdf\"><\/i>\n\t\t\t<\/div>\n\t\t\t\t[vc_custom_heading text=&#8221;Licen\u00e7a Parental&#8221; font_container=&#8221;tag:h6|text_align:left&#8221; use_theme_fonts=&#8221;yes&#8221; css=&#8221;.vc_custom_1665327429635{margin-top: -35px !important;margin-left: 45px !important;}&#8221; link=&#8221;url:https%3A%2F%2Fesffranco.edu.pt%2Fweb%2Ffiles%2Fescola%2FLicen%C3%A7aParental.pdf|target:_blank&#8221; el_class=&#8221;hoverable&#8221;][vc_separator css_animation=&#8221;fadeInLeft&#8221;][\/vc_column][vc_column width=&#8221;1\/2&#8243;]\n\t\t\t\t\t<div class=\"wh-theme-icon  scp_theme_icon-9a9c9b80b3f4197cb420a2494489e89c\">\n\t\t\t\t<i class=\"icon-edic_picture_as_pdf\"><\/i>\n\t\t\t<\/div>\n\t\t\t\t[vc_custom_heading text=&#8221;Comunica\u00e7\u00e3o Visita de Estudo ao Encarregado de Educa\u00e7\u00e3o&#8221; font_container=&#8221;tag:h6|text_align:left&#8221; use_theme_fonts=&#8221;yes&#8221; css=&#8221;.vc_custom_1665327027204{margin-top: -35px !important;margin-left: 45px !important;}&#8221; link=&#8221;url:https%3A%2F%2Fesffranco.edu.pt%2Fweb%2Ffiles%2Fescola%2FComunica%C3%A7%C3%A3oVisitaEstudoEE.pdf|target:_blank&#8221; el_class=&#8221;hoverable&#8221;][vc_separator css_animation=&#8221;fadeInLeft&#8221;]\n\t\t\t\t\t<div class=\"wh-theme-icon  scp_theme_icon-e5a85a47f3323ba033c3e3f102f47c45\">\n\t\t\t\t<i class=\"icon-edic_link\"><\/i>\n\t\t\t<\/div>\n\t\t\t\t[vc_custom_heading text=&#8221;Comunica\u00e7\u00e3o Visita de Estudo ao Conselho Executivo&#8221; font_container=&#8221;tag:h6|text_align:left&#8221; use_theme_fonts=&#8221;yes&#8221; css=&#8221;.vc_custom_1759261927811{margin-top: -35px !important;margin-left: 45px !important;}&#8221; link=&#8221;url:https%3A%2F%2Fforms.gle%2FGXeB88rAdK1BHnKh7|target:_blank&#8221; el_class=&#8221;hoverable&#8221;][vc_separator css_animation=&#8221;fadeInLeft&#8221;]\n\t\t\t\t\t<div class=\"wh-theme-icon  scp_theme_icon-9a9c9b80b3f4197cb420a2494489e89c\">\n\t\t\t\t<i class=\"icon-edic_picture_as_pdf\"><\/i>\n\t\t\t<\/div>\n\t\t\t\t[vc_custom_heading text=&#8221;Participa\u00e7\u00e3o de Natureza Disciplinar&#8221; font_container=&#8221;tag:h6|text_align:left&#8221; use_theme_fonts=&#8221;yes&#8221; css=&#8221;.vc_custom_1665327634581{margin-top: -35px !important;margin-left: 45px !important;}&#8221; link=&#8221;url:https%3A%2F%2Fesffranco.edu.pt%2Fweb%2Ffiles%2Fescola%2FParticipa%C3%A7p%C3%A3oNaturezaDisciplinar.pdf|target:_blank&#8221; el_class=&#8221;hoverable&#8221;][vc_separator css_animation=&#8221;fadeInLeft&#8221;]\n\t\t\t\t\t<div class=\"wh-theme-icon  scp_theme_icon-9a9c9b80b3f4197cb420a2494489e89c\">\n\t\t\t\t<i class=\"icon-edic_picture_as_pdf\"><\/i>\n\t\t\t<\/div>\n\t\t\t\t[vc_custom_heading text=&#8221;Registo de Presen\u00e7as&#8221; font_container=&#8221;tag:h6|text_align:left&#8221; use_theme_fonts=&#8221;yes&#8221; css=&#8221;.vc_custom_1665327788472{margin-top: -35px !important;margin-left: 45px !important;}&#8221; link=&#8221;url:https%3A%2F%2Fesffranco.edu.pt%2Fweb%2Ffiles%2Fescola%2FRegistoPresen%C3%A7as.pdf|target:_blank&#8221; el_class=&#8221;hoverable&#8221;][vc_separator css_animation=&#8221;fadeInLeft&#8221;][\/vc_column][\/vc_row][vc_row][vc_column][vc_custom_heading text=&#8221;Reuni\u00f5es Professores&#8221; use_theme_fonts=&#8221;yes&#8221;][\/vc_column][\/vc_row][vc_row][vc_column width=&#8221;1\/2&#8243;]\n\t\t\t\t\t<div class=\"wh-theme-icon  scp_theme_icon-9a9c9b80b3f4197cb420a2494489e89c\">\n\t\t\t\t<i class=\"icon-edic_picture_as_pdf\"><\/i>\n\t\t\t<\/div>\n\t\t\t\t[vc_custom_heading text=&#8221;Reuni\u00f5es Intercalares 1.\u00ba Trimestre&#8221; font_container=&#8221;tag:h6|text_align:left&#8221; use_theme_fonts=&#8221;yes&#8221; css=&#8221;.vc_custom_1760016491908{margin-top: -35px !important;margin-left: 45px !important;}&#8221; link=&#8221;url:https%3A%2F%2Fesffranco.edu.pt%2Fweb%2Fwp-content%2Fuploads%2F2025%2F10%2FRIntercalares1P.pdf|target:_blank&#8221; el_class=&#8221;hoverable&#8221;][vc_separator css_animation=&#8221;fadeInLeft&#8221;][\/vc_column][vc_column width=&#8221;1\/2&#8243;]\n\t\t\t\t\t<div class=\"wh-theme-icon  scp_theme_icon-9a9c9b80b3f4197cb420a2494489e89c\">\n\t\t\t\t<i class=\"icon-edic_picture_as_pdf\"><\/i>\n\t\t\t<\/div>\n\t\t\t\t[vc_custom_heading text=&#8221;Reuni\u00f5es de Avalia\u00e7\u00e3o 1.\u00ba Trimestre&#8221; font_container=&#8221;tag:h6|text_align:left&#8221; use_theme_fonts=&#8221;yes&#8221; css=&#8221;.vc_custom_1764793345925{margin-top: -35px !important;margin-left: 45px !important;}&#8221; link=&#8221;url:https%3A%2F%2Fesffranco.edu.pt%2Fweb%2Fwp-content%2Fuploads%2F2025%2F12%2FReunioesAvaliacao1P.pdf|target:_blank|rel:nofollow&#8221; el_class=&#8221;hoverable&#8221;][vc_separator css_animation=&#8221;fadeInLeft&#8221;][\/vc_column][\/vc_row][vc_row][vc_column width=&#8221;1\/2&#8243;]\n\t\t\t\t\t<div class=\"wh-theme-icon  scp_theme_icon-9a9c9b80b3f4197cb420a2494489e89c\">\n\t\t\t\t<i class=\"icon-edic_picture_as_pdf\"><\/i>\n\t\t\t<\/div>\n\t\t\t\t[vc_custom_heading text=&#8221;Reuni\u00f5es Intercalares 2.\u00ba Trimestre&#8221; font_container=&#8221;tag:h6|text_align:left&#8221; use_theme_fonts=&#8221;yes&#8221; css=&#8221;.vc_custom_1769618042982{margin-top: -35px !important;margin-left: 45px !important;}&#8221; link=&#8221;url:https%3A%2F%2Fesffranco.edu.pt%2Fweb%2Fwp-content%2Fuploads%2F2026%2F01%2FRIntercalares2P.pdf|target:_blank&#8221; el_class=&#8221;hoverable&#8221;][vc_separator css_animation=&#8221;fadeInLeft&#8221;][\/vc_column][vc_column width=&#8221;1\/2&#8243;]\n\t\t\t\t\t<div class=\"wh-theme-icon  scp_theme_icon-9a9c9b80b3f4197cb420a2494489e89c\">\n\t\t\t\t<i class=\"icon-edic_picture_as_pdf\"><\/i>\n\t\t\t<\/div>\n\t\t\t\t[vc_custom_heading text=&#8221;Reuni\u00f5es de Avalia\u00e7\u00e3o 2.\u00ba Trimestre&#8221; font_container=&#8221;tag:h6|text_align:left&#8221; use_theme_fonts=&#8221;yes&#8221; css=&#8221;.vc_custom_1774374686113{margin-top: -35px !important;margin-left: 45px !important;}&#8221; link=&#8221;url:https%3A%2F%2Fesffranco.edu.pt%2Fweb%2Fwp-content%2Fuploads%2F2026%2F03%2FReunioesAvaliacao2P.pdf|target:_blank|rel:nofollow&#8221; el_class=&#8221;hoverable&#8221;][vc_separator css_animation=&#8221;fadeInLeft&#8221;][\/vc_column][\/vc_row][vc_row disable_element=&#8221;yes&#8221;][vc_column width=&#8221;1\/2&#8243;]\n\t\t\t\t\t<div class=\"wh-theme-icon  scp_theme_icon-9a9c9b80b3f4197cb420a2494489e89c\">\n\t\t\t\t<i class=\"icon-edic_picture_as_pdf\"><\/i>\n\t\t\t<\/div>\n\t\t\t\t[vc_custom_heading text=&#8221;Reuni\u00f5es Intercalares 1.\u00ba Trimestre&#8221; font_container=&#8221;tag:h6|text_align:left&#8221; use_theme_fonts=&#8221;yes&#8221; css=&#8221;.vc_custom_1727641762993{margin-top: -35px !important;margin-left: 45px !important;}&#8221; link=&#8221;url:https%3A%2F%2Fesffranco.edu.pt%2Fweb%2Fwp-content%2Fuploads%2F2024%2F09%2FReunioesIntercalares1P.pdf|target:_blank&#8221; el_class=&#8221;hoverable&#8221;][\/vc_column][\/vc_row][vc_row disable_element=&#8221;yes&#8221;][vc_column width=&#8221;1\/2&#8243;]\n\t\t\t\t\t<div class=\"wh-theme-icon  scp_theme_icon-9a9c9b80b3f4197cb420a2494489e89c\">\n\t\t\t\t<i class=\"icon-edic_picture_as_pdf\"><\/i>\n\t\t\t<\/div>\n\t\t\t\t[vc_custom_heading text=&#8221;Reuni\u00f5es de Avalia\u00e7\u00e3o 3.\u00ba Trimestre&#8221; font_container=&#8221;tag:h6|text_align:left&#8221; use_theme_fonts=&#8221;yes&#8221; css=&#8221;.vc_custom_1746449608839{margin-top: -35px !important;margin-left: 45px !important;}&#8221; link=&#8221;url:https%3A%2F%2Fesffranco.edu.pt%2Fweb%2Fwp-content%2Fuploads%2F2025%2F05%2FReunioesAvaliacao3P.pdf|target:_blank|rel:nofollow&#8221; el_class=&#8221;hoverable&#8221;][vc_custom_heading text=&#8221;Plano Organiza\u00e7\u00e3o Ano Letivo&#8221; font_container=&#8221;tag:h6|text_align:left&#8221; use_theme_fonts=&#8221;yes&#8221; css=&#8221;.vc_custom_1665327738150{margin-top: -35px !important;margin-left: 45px !important;}&#8221; link=&#8221;url:https%3A%2F%2Fesffranco.edu.pt%2Fweb%2Ffiles%2Fescola%2FPlanoOrganiza%C3%A7%C3%A3oAnoLetivo.pdf|target:_blank&#8221; el_class=&#8221;hoverable&#8221;][\/vc_column][vc_column width=&#8221;1\/2&#8243;][\/vc_column][\/vc_row]<\/p>\n<\/div>","protected":false},"excerpt":{"rendered":"<p>[vc_row][vc_column][vc_custom_heading text=&#8221;Documentos Gerais&#8221; use_theme_fonts=&#8221;yes&#8221;][\/vc_column][\/vc_row][vc_row][vc_column width=&#8221;1\/2&#8243;][vc_custom_heading text=&#8221;Elei\u00e7\u00e3o da Comiss\u00e3o Parit\u00e1ria &#8211; Despacho n\u00ba 2\/2020&#8243; font_container=&#8221;tag:h6|text_align:left&#8221; use_theme_fonts=&#8221;yes&#8221; css=&#8221;.vc_custom_1665325128185{margin-top: -35px !important;margin-left: 45px !important;}&#8221;&nbsp;<a href=\"https:\/\/esffranco.edu.pt\/web\/escola\/documentos\/\">&hellip;<\/a><\/p>\n","protected":false},"author":1,"featured_media":0,"parent":266,"menu_order":2,"comment_status":"closed","ping_status":"closed","template":"template-sidebar-right-childpages.php","meta":{"footnotes":""},"folder":[],"class_list":["post-575","page","type-page","status-publish","hentry","odd"],"_links":{"self":[{"href":"https:\/\/esffranco.edu.pt\/web\/wp-json\/wp\/v2\/pages\/575","targetHints":{"allow":["GET"]}}],"collection":[{"href":"https:\/\/esffranco.edu.pt\/web\/wp-json\/wp\/v2\/pages"}],"about":[{"href":"https:\/\/esffranco.edu.pt\/web\/wp-json\/wp\/v2\/types\/page"}],"author":[{"embeddable":true,"href":"https:\/\/esffranco.edu.pt\/web\/wp-json\/wp\/v2\/users\/1"}],"replies":[{"embeddable":true,"href":"https:\/\/esffranco.edu.pt\/web\/wp-json\/wp\/v2\/comments?post=575"}],"version-history":[{"count":78,"href":"https:\/\/esffranco.edu.pt\/web\/wp-json\/wp\/v2\/pages\/575\/revisions"}],"predecessor-version":[{"id":8808,"href":"https:\/\/esffranco.edu.pt\/web\/wp-json\/wp\/v2\/pages\/575\/revisions\/8808"}],"up":[{"embeddable":true,"href":"https:\/\/esffranco.edu.pt\/web\/wp-json\/wp\/v2\/pages\/266"}],"wp:attachment":[{"href":"https:\/\/esffranco.edu.pt\/web\/wp-json\/wp\/v2\/media?parent=575"}],"wp:term":[{"taxonomy":"folder","embeddable":true,"href":"https:\/\/esffranco.edu.pt\/web\/wp-json\/wp\/v2\/folder?post=575"}],"curies":[{"name":"wp","href":"https:\/\/api.w.org\/{rel}","templated":true}]}}