{"id":4785,"date":"2023-12-05T21:44:23","date_gmt":"2023-12-05T21:44:23","guid":{"rendered":"https:\/\/esffranco.edu.pt\/web\/?page_id=4785"},"modified":"2026-01-18T20:26:31","modified_gmt":"2026-01-18T20:26:31","slug":"quadro-de-merito","status":"publish","type":"page","link":"https:\/\/esffranco.edu.pt\/web\/alunos\/quadro-de-merito\/","title":{"rendered":"Quadro de M\u00e9rito"},"content":{"rendered":"<div class=\"wpb-content-wrapper\"><p>[vc_row][vc_column][vc_custom_heading text=&#8221;Quadro de M\u00e9rito&#8221; use_theme_fonts=&#8221;yes&#8221;][\/vc_column][\/vc_row][vc_row][vc_column][vc_column_text]Os pr\u00e9mios de m\u00e9rito escolar, nas modalidades de quadro de excel\u00eancia, quadro de honra, quadro de assiduidade e pr\u00e9mio atitudes e valores, distinguem os alunos que, no decurso do ano letivo, se evidenciaram pelo seu desempenho escolar no que respeita a conhecimentos, conduta c\u00edvica e participa\u00e7\u00e3o ativa em iniciativas e projetos da escola.<\/p>\n<p><a href=\"https:\/\/esffranco.edu.pt\/web\/wp-content\/uploads\/2024\/05\/RegulamentoQuadroMerito.pdf\" target=\"_blank\" rel=\"noopener\"><span class=\"scp-icon scp-icon-background pull-left scp_icon-00bb856a879a04925583aa780ffc5889\"><i class=\"fa fa-file-pdf\"><\/i><\/span>\u00a0 <strong>Regulamento<\/strong><\/a>[\/vc_column_text][\/vc_column][\/vc_row][vc_row][vc_column][vc_custom_heading text=&#8221;Atitudes e Valores&#8221; use_theme_fonts=&#8221;yes&#8221;][\/vc_column][\/vc_row][vc_row][vc_column][vc_icon icon_fontawesome=&#8221;fas fa-users&#8221; background_style=&#8221;rounded&#8221; size=&#8221;xl&#8221; align=&#8221;center&#8221; css_animation=&#8221;flipInX&#8221; css=&#8221;&#8221; el_class=&#8221;hoverable&#8221; link=&#8221;url:https%3A%2F%2Fesffranco.edu.pt%2Fweb%2Fwp-content%2Fuploads%2F2026%2F01%2FQUADRO_ATITUDES_VALORES.pdf|target:_blank|rel:nofollow&#8221;][\/vc_column][\/vc_row][vc_row][vc_column][vc_custom_heading text=&#8221;Assiduidade&#8221; use_theme_fonts=&#8221;yes&#8221;][\/vc_column][\/vc_row][vc_row][vc_column width=&#8221;1\/3&#8243;][vc_icon icon_fontawesome=&#8221;fas fa-clock&#8221; background_style=&#8221;rounded&#8221; size=&#8221;xl&#8221; align=&#8221;center&#8221; css_animation=&#8221;flipInX&#8221; css=&#8221;&#8221; el_class=&#8221;hoverable&#8221; link=&#8221;url:https%3A%2F%2Fesffranco.edu.pt%2Fweb%2Fwp-content%2Fuploads%2F2026%2F01%2FQUADRO_ASSIDUIDADE_10.pdf|target:_blank|rel:nofollow&#8221;][vc_custom_heading text=&#8221;10.\u00ba&#8221; font_container=&#8221;tag:h2|text_align:center&#8221; use_theme_fonts=&#8221;yes&#8221; el_class=&#8221;hoverable&#8221; link=&#8221;url:https%3A%2F%2Fesffranco.edu.pt%2Fweb%2Fwp-content%2Fuploads%2F2023%2F11%2FQUADRO_DE_ASSIDUIDADE_10.pdf|target:_blank|rel:nofollow&#8221;][\/vc_column][vc_column width=&#8221;1\/3&#8243;][vc_icon icon_fontawesome=&#8221;fas fa-clock&#8221; background_style=&#8221;rounded&#8221; size=&#8221;xl&#8221; align=&#8221;center&#8221; css_animation=&#8221;flipInX&#8221; css=&#8221;&#8221; el_class=&#8221;hoverable&#8221; link=&#8221;url:https%3A%2F%2Fesffranco.edu.pt%2Fweb%2Fwp-content%2Fuploads%2F2026%2F01%2FQUADRO_ASSIDUIDADE_11.pdf|target:_blank|rel:nofollow&#8221;][vc_custom_heading text=&#8221;11.\u00ba&#8221; font_container=&#8221;tag:h2|text_align:center&#8221; use_theme_fonts=&#8221;yes&#8221; el_class=&#8221;hoverable&#8221; link=&#8221;url:https%3A%2F%2Fesffranco.edu.pt%2Fweb%2Fwp-content%2Fuploads%2F2023%2F11%2FQUADRO_DE_ASSIDUIDADE_11.pdf|target:_blank|rel:nofollow&#8221;][\/vc_column][vc_column width=&#8221;1\/3&#8243;][vc_icon icon_fontawesome=&#8221;fas fa-clock&#8221; background_style=&#8221;rounded&#8221; size=&#8221;xl&#8221; align=&#8221;center&#8221; css_animation=&#8221;flipInX&#8221; css=&#8221;&#8221; el_class=&#8221;hoverable&#8221; link=&#8221;url:https%3A%2F%2Fesffranco.edu.pt%2Fweb%2Fwp-content%2Fuploads%2F2026%2F01%2FQUADRO_ASSIDUIDADE_12.pdf|target:_blank|rel:nofollow&#8221;][vc_custom_heading text=&#8221;12.\u00ba&#8221; font_container=&#8221;tag:h2|text_align:center&#8221; use_theme_fonts=&#8221;yes&#8221; el_class=&#8221;hoverable&#8221; link=&#8221;url:https%3A%2F%2Fesffranco.edu.pt%2Fweb%2Fwp-content%2Fuploads%2F2023%2F11%2FQUADRO_DE_ASSIDUIDADE_12.pdf|target:_blank|rel:nofollow&#8221;][\/vc_column][\/vc_row][vc_row][vc_column][vc_custom_heading text=&#8221;Excel\u00eancia&#8221; use_theme_fonts=&#8221;yes&#8221;][\/vc_column][\/vc_row][vc_row][vc_column width=&#8221;1\/3&#8243;][vc_icon icon_fontawesome=&#8221;fas fa-user-graduate&#8221; background_style=&#8221;rounded&#8221; size=&#8221;xl&#8221; align=&#8221;center&#8221; css_animation=&#8221;flipInX&#8221; css=&#8221;&#8221; el_class=&#8221;hoverable&#8221; link=&#8221;url:https%3A%2F%2Fesffranco.edu.pt%2Fweb%2Fwp-content%2Fuploads%2F2026%2F01%2FQUADRO_EXCELENCIA_10.pdf|target:_blank|rel:nofollow&#8221;][vc_custom_heading text=&#8221;10.\u00ba&#8221; font_container=&#8221;tag:h2|text_align:center&#8221; use_theme_fonts=&#8221;yes&#8221; el_class=&#8221;hoverable&#8221; link=&#8221;url:https%3A%2F%2Fesffranco.edu.pt%2Fweb%2Fwp-content%2Fuploads%2F2023%2F11%2FQUADRO_DE_ASSIDUIDADE_10.pdf|target:_blank|rel:nofollow&#8221;][\/vc_column][vc_column width=&#8221;1\/3&#8243;][vc_icon icon_fontawesome=&#8221;fas fa-user-graduate&#8221; background_style=&#8221;rounded&#8221; size=&#8221;xl&#8221; align=&#8221;center&#8221; css_animation=&#8221;flipInX&#8221; css=&#8221;&#8221; el_class=&#8221;hoverable&#8221; link=&#8221;url:https%3A%2F%2Fesffranco.edu.pt%2Fweb%2Fwp-content%2Fuploads%2F2026%2F01%2FQUADRO_EXCELENCIA_11.pdf|target:_blank|rel:nofollow&#8221;][vc_custom_heading text=&#8221;11.\u00ba&#8221; font_container=&#8221;tag:h2|text_align:center&#8221; use_theme_fonts=&#8221;yes&#8221; el_class=&#8221;hoverable&#8221; link=&#8221;url:https%3A%2F%2Fesffranco.edu.pt%2Fweb%2Fwp-content%2Fuploads%2F2023%2F11%2FQUADRO_DE_ASSIDUIDADE_11.pdf|target:_blank|rel:nofollow&#8221;][\/vc_column][vc_column width=&#8221;1\/3&#8243;][vc_icon icon_fontawesome=&#8221;fas fa-user-graduate&#8221; background_style=&#8221;rounded&#8221; size=&#8221;xl&#8221; align=&#8221;center&#8221; css_animation=&#8221;flipInX&#8221; css=&#8221;&#8221; el_class=&#8221;hoverable&#8221; link=&#8221;url:https%3A%2F%2Fesffranco.edu.pt%2Fweb%2Fwp-content%2Fuploads%2F2026%2F01%2FQUADRO_EXCELENCIA_12.pdf|target:_blank|rel:nofollow&#8221;][vc_custom_heading text=&#8221;12.\u00ba&#8221; font_container=&#8221;tag:h2|text_align:center&#8221; use_theme_fonts=&#8221;yes&#8221; el_class=&#8221;hoverable&#8221; link=&#8221;url:https%3A%2F%2Fesffranco.edu.pt%2Fweb%2Fwp-content%2Fuploads%2F2023%2F11%2FQUADRO_DE_ASSIDUIDADE_12.pdf|target:_blank|rel:nofollow&#8221;][\/vc_column][\/vc_row][vc_row][vc_column][vc_custom_heading text=&#8221;Honra&#8221; use_theme_fonts=&#8221;yes&#8221;][\/vc_column][\/vc_row][vc_row][vc_column width=&#8221;1\/3&#8243;][vc_icon icon_fontawesome=&#8221;fas fa-graduation-cap&#8221; background_style=&#8221;rounded&#8221; size=&#8221;xl&#8221; align=&#8221;center&#8221; css_animation=&#8221;flipInX&#8221; css=&#8221;&#8221; el_class=&#8221;hoverable&#8221; link=&#8221;url:https%3A%2F%2Fesffranco.edu.pt%2Fweb%2Fwp-content%2Fuploads%2F2026%2F01%2FQUADRO_HONRA_10.pdf|target:_blank|rel:nofollow&#8221;][vc_custom_heading text=&#8221;10.\u00ba&#8221; font_container=&#8221;tag:h2|text_align:center&#8221; use_theme_fonts=&#8221;yes&#8221; el_class=&#8221;hoverable&#8221; link=&#8221;url:https%3A%2F%2Fesffranco.edu.pt%2Fweb%2Fwp-content%2Fuploads%2F2023%2F11%2FQUADRO_DE_ASSIDUIDADE_10.pdf|target:_blank|rel:nofollow&#8221;][\/vc_column][vc_column width=&#8221;1\/3&#8243;][vc_icon icon_fontawesome=&#8221;fas fa-graduation-cap&#8221; background_style=&#8221;rounded&#8221; size=&#8221;xl&#8221; align=&#8221;center&#8221; css_animation=&#8221;flipInX&#8221; css=&#8221;&#8221; el_class=&#8221;hoverable&#8221; link=&#8221;url:https%3A%2F%2Fesffranco.edu.pt%2Fweb%2Fwp-content%2Fuploads%2F2026%2F01%2FQUADRO_HONRA_11.pdf|target:_blank|rel:nofollow&#8221;][vc_custom_heading text=&#8221;11.\u00ba&#8221; font_container=&#8221;tag:h2|text_align:center&#8221; use_theme_fonts=&#8221;yes&#8221; el_class=&#8221;hoverable&#8221; link=&#8221;url:https%3A%2F%2Fesffranco.edu.pt%2Fweb%2Fwp-content%2Fuploads%2F2023%2F11%2FQUADRO_DE_ASSIDUIDADE_11.pdf|target:_blank|rel:nofollow&#8221;][\/vc_column][vc_column width=&#8221;1\/3&#8243;][vc_icon icon_fontawesome=&#8221;fas fa-graduation-cap&#8221; background_style=&#8221;rounded&#8221; size=&#8221;xl&#8221; align=&#8221;center&#8221; css_animation=&#8221;flipInX&#8221; css=&#8221;&#8221; el_class=&#8221;hoverable&#8221; link=&#8221;url:https%3A%2F%2Fesffranco.edu.pt%2Fweb%2Fwp-content%2Fuploads%2F2026%2F01%2FQUADRO_HONRA_12.pdf|target:_blank|rel:nofollow&#8221;][vc_custom_heading text=&#8221;12.\u00ba&#8221; font_container=&#8221;tag:h2|text_align:center&#8221; use_theme_fonts=&#8221;yes&#8221; el_class=&#8221;hoverable&#8221; link=&#8221;url:https%3A%2F%2Fesffranco.edu.pt%2Fweb%2Fwp-content%2Fuploads%2F2023%2F11%2FQUADRO_DE_ASSIDUIDADE_12.pdf|target:_blank|rel:nofollow&#8221;][\/vc_column][\/vc_row][vc_row][vc_column][vc_custom_heading text=&#8221;M\u00e9rito Escolar e Cidadania Ativa\/Grupo Sousa&#8221; use_theme_fonts=&#8221;yes&#8221; css=&#8221;&#8221;][\/vc_column][\/vc_row][vc_row][vc_column][vc_icon icon_fontawesome=&#8221;fas fa-user-friends&#8221; background_style=&#8221;rounded&#8221; size=&#8221;xl&#8221; align=&#8221;center&#8221; css_animation=&#8221;flipInX&#8221; css=&#8221;&#8221; el_class=&#8221;hoverable&#8221; link=&#8221;url:https%3A%2F%2Fesffranco.edu.pt%2Fweb%2Fwp-content%2Fuploads%2F2026%2F01%2FGRUPO_SOUSA.pdf|target:_blank|rel:nofollow&#8221;][\/vc_column][\/vc_row]<\/p>\n<\/div>","protected":false},"excerpt":{"rendered":"<p>[vc_row][vc_column][vc_custom_heading text=&#8221;Quadro de M\u00e9rito&#8221; use_theme_fonts=&#8221;yes&#8221;][\/vc_column][\/vc_row][vc_row][vc_column][vc_column_text]Os pr\u00e9mios de m\u00e9rito escolar, nas modalidades de quadro de excel\u00eancia, quadro de honra, quadro de&nbsp;<a href=\"https:\/\/esffranco.edu.pt\/web\/alunos\/quadro-de-merito\/\">&hellip;<\/a><\/p>\n","protected":false},"author":1,"featured_media":0,"parent":309,"menu_order":0,"comment_status":"closed","ping_status":"closed","template":"template-sidebar-right-childpages.php","meta":{"footnotes":""},"folder":[],"class_list":["post-4785","page","type-page","status-publish","hentry","odd"],"_links":{"self":[{"href":"https:\/\/esffranco.edu.pt\/web\/wp-json\/wp\/v2\/pages\/4785","targetHints":{"allow":["GET"]}}],"collection":[{"href":"https:\/\/esffranco.edu.pt\/web\/wp-json\/wp\/v2\/pages"}],"about":[{"href":"https:\/\/esffranco.edu.pt\/web\/wp-json\/wp\/v2\/types\/page"}],"author":[{"embeddable":true,"href":"https:\/\/esffranco.edu.pt\/web\/wp-json\/wp\/v2\/users\/1"}],"replies":[{"embeddable":true,"href":"https:\/\/esffranco.edu.pt\/web\/wp-json\/wp\/v2\/comments?post=4785"}],"version-history":[{"count":14,"href":"https:\/\/esffranco.edu.pt\/web\/wp-json\/wp\/v2\/pages\/4785\/revisions"}],"predecessor-version":[{"id":8603,"href":"https:\/\/esffranco.edu.pt\/web\/wp-json\/wp\/v2\/pages\/4785\/revisions\/8603"}],"up":[{"embeddable":true,"href":"https:\/\/esffranco.edu.pt\/web\/wp-json\/wp\/v2\/pages\/309"}],"wp:attachment":[{"href":"https:\/\/esffranco.edu.pt\/web\/wp-json\/wp\/v2\/media?parent=4785"}],"wp:term":[{"taxonomy":"folder","embeddable":true,"href":"https:\/\/esffranco.edu.pt\/web\/wp-json\/wp\/v2\/folder?post=4785"}],"curies":[{"name":"wp","href":"https:\/\/api.w.org\/{rel}","templated":true}]}}