{"id":4748,"date":"2023-11-25T22:40:19","date_gmt":"2023-11-25T22:40:19","guid":{"rendered":"https:\/\/esffranco.edu.pt\/web\/?page_id=4748"},"modified":"2023-11-25T22:40:19","modified_gmt":"2023-11-25T22:40:19","slug":"servico-de-psicologia-e-orientacao","status":"publish","type":"page","link":"https:\/\/esffranco.edu.pt\/web\/escola\/servico-de-psicologia-e-orientacao\/","title":{"rendered":"Servi\u00e7o de Psicologia e Orienta\u00e7\u00e3o"},"content":{"rendered":"<div class=\"wpb-content-wrapper\"><p>[vc_row][vc_column][vc_custom_heading text=&#8221;Informa\u00e7\u00f5es&#8221; use_theme_fonts=&#8221;yes&#8221;][vc_column_text]Segunda e quinta\u00a0 das 09:30 \u00e0s 13:00 e das 14:00 \u00e0s 16:30<\/p>\n<p>Sexta das 09:30 \u00e0s 13:00<\/p>\n<p>Psic\u00f3loga Cristina Sim\u00f5es (CP 1443)<\/p>\n<p>\u00c1reas de Interven\u00e7\u00e3o<\/p>\n<ul>\n<li>Avalia\u00e7\u00e3o e Acompanhamento Psicol\u00f3gico;<\/li>\n<li>Orienta\u00e7\u00e3o Vocacional;<\/li>\n<li>Apoio ao Desenvolvimento do Sistema de Rela\u00e7\u00f5es da Comunidade Educativa.<\/li>\n<\/ul>\n<p>[\/vc_column_text][\/vc_column][\/vc_row][vc_row content_placement=&#8221;middle&#8221;][vc_column width=&#8221;1\/4&#8243;][vc_icon icon_fontawesome=&#8221;far fa-envelope&#8221; background_style=&#8221;rounded-less-outline&#8221; background_color=&#8221;white&#8221; align=&#8221;center&#8221;][\/vc_column][vc_column width=&#8221;3\/4&#8243;][vc_column_text]spo@esffranco.edu.pt[\/vc_column_text][\/vc_column][\/vc_row][vc_row content_placement=&#8221;middle&#8221;][vc_column width=&#8221;1\/4&#8243;][vc_icon type=&#8221;monosocial&#8221; icon_monosocial=&#8221;vc-mono vc-mono-blogger&#8221; background_style=&#8221;rounded-less-outline&#8221; background_color=&#8221;white&#8221; align=&#8221;center&#8221;][\/vc_column][vc_column width=&#8221;3\/4&#8243;][vc_column_text]<a href=\"https:\/\/spo-franciscofranco.blogspot.com\/\" target=\"_blank\" rel=\"noopener\">https:\/\/spo-franciscofranco.blogspot.com\/<\/a>[\/vc_column_text][\/vc_column][\/vc_row]<\/p>\n<\/div>","protected":false},"excerpt":{"rendered":"<p>[vc_row][vc_column][vc_custom_heading text=&#8221;Informa\u00e7\u00f5es&#8221; use_theme_fonts=&#8221;yes&#8221;][vc_column_text]Segunda e quinta\u00a0 das 09:30 \u00e0s 13:00 e das 14:00 \u00e0s 16:30 Sexta das 09:30 \u00e0s 13:00 Psic\u00f3loga&nbsp;<a href=\"https:\/\/esffranco.edu.pt\/web\/escola\/servico-de-psicologia-e-orientacao\/\">&hellip;<\/a><\/p>\n","protected":false},"author":1,"featured_media":0,"parent":266,"menu_order":0,"comment_status":"closed","ping_status":"closed","template":"template-fullwidth.php","meta":{"footnotes":""},"folder":[],"class_list":["post-4748","page","type-page","status-publish","hentry","odd"],"_links":{"self":[{"href":"https:\/\/esffranco.edu.pt\/web\/wp-json\/wp\/v2\/pages\/4748","targetHints":{"allow":["GET"]}}],"collection":[{"href":"https:\/\/esffranco.edu.pt\/web\/wp-json\/wp\/v2\/pages"}],"about":[{"href":"https:\/\/esffranco.edu.pt\/web\/wp-json\/wp\/v2\/types\/page"}],"author":[{"embeddable":true,"href":"https:\/\/esffranco.edu.pt\/web\/wp-json\/wp\/v2\/users\/1"}],"replies":[{"embeddable":true,"href":"https:\/\/esffranco.edu.pt\/web\/wp-json\/wp\/v2\/comments?post=4748"}],"version-history":[{"count":2,"href":"https:\/\/esffranco.edu.pt\/web\/wp-json\/wp\/v2\/pages\/4748\/revisions"}],"predecessor-version":[{"id":4750,"href":"https:\/\/esffranco.edu.pt\/web\/wp-json\/wp\/v2\/pages\/4748\/revisions\/4750"}],"up":[{"embeddable":true,"href":"https:\/\/esffranco.edu.pt\/web\/wp-json\/wp\/v2\/pages\/266"}],"wp:attachment":[{"href":"https:\/\/esffranco.edu.pt\/web\/wp-json\/wp\/v2\/media?parent=4748"}],"wp:term":[{"taxonomy":"folder","embeddable":true,"href":"https:\/\/esffranco.edu.pt\/web\/wp-json\/wp\/v2\/folder?post=4748"}],"curies":[{"name":"wp","href":"https:\/\/api.w.org\/{rel}","templated":true}]}}