{"id":3217,"date":"2023-01-22T16:27:23","date_gmt":"2023-01-22T16:27:23","guid":{"rendered":"https:\/\/esffranco.edu.pt\/web\/?page_id=3217"},"modified":"2026-04-29T09:17:59","modified_gmt":"2026-04-29T08:17:59","slug":"cursos-educacao-e-formacao","status":"publish","type":"page","link":"https:\/\/esffranco.edu.pt\/web\/ofertaeducativa\/cursos-educacao-e-formacao\/","title":{"rendered":"Cursos Educa\u00e7\u00e3o e Forma\u00e7\u00e3o"},"content":{"rendered":"<div class=\"wpb-content-wrapper\"><p>[vc_row][vc_column][vc_custom_heading text=&#8221;Oferta Formativa Interna&#8221; use_theme_fonts=&#8221;yes&#8221; css=&#8221;&#8221;][vc_row_inner content_placement=&#8221;middle&#8221;][vc_column_inner width=&#8221;1\/5&#8243;][vc_custom_heading text=&#8221;Guia CEF&#8221; font_container=&#8221;tag:h4|text_align:left&#8221; use_theme_fonts=&#8221;yes&#8221; css=&#8221;&#8221;][\/vc_column_inner][vc_column_inner width=&#8221;4\/5&#8243;][vc_column_text css=&#8221;&#8221;]<div class=\"_df_thumb \" id=\"df_7423\"  _slug=\"7423\" data-title=\"guia-cef\" wpoptions=\"true\" thumb=\"https:\/\/esffranco.edu.pt\/web\/wp-content\/uploads\/2025\/06\/CapaCEF.jpg\" thumbtype=\"\" >Guia CEF<\/div><script class=\"df-shortcode-script\" nowprocket type=\"application\/javascript\">window.option_df_7423 = {\"outline\":[],\"autoEnableOutline\":\"false\",\"autoEnableThumbnail\":\"false\",\"overwritePDFOutline\":\"false\",\"direction\":\"1\",\"pageSize\":\"0\",\"source\":\"https:\\\/\\\/esffranco.edu.pt\\\/web\\\/wp-content\\\/uploads\\\/2025\\\/06\\\/GUIA_CEF.pdf\",\"wpOptions\":\"true\"}; if(window.DFLIP && window.DFLIP.parseBooks){window.DFLIP.parseBooks();}<\/script>[\/vc_column_text][\/vc_column_inner][\/vc_row_inner][\/vc_column][\/vc_row][vc_row disable_element=&#8221;yes&#8221;][vc_column][vc_custom_heading text=&#8221;Assistente Administrativo&#8221; use_theme_fonts=&#8221;yes&#8221;][vc_row_inner][vc_column_inner width=&#8221;1\/4&#8243;][vc_single_image image=&#8221;7413&#8243; img_size=&#8221;medium&#8221; css=&#8221;&#8221;][\/vc_column_inner][vc_column_inner width=&#8221;3\/4&#8243;]\n\t\t\t\t\t<div class=\"wh-theme-icon  scp_theme_icon-48e5c1fb7b6e9f02ed3cd112b68e2723\">\n\t\t\t\t<i class=\"icon-edic_picture_as_pdf\"><\/i>\n\t\t\t<\/div>\n\t\t\t\t[vc_custom_heading text=&#8221;Plano Curricular&#8221; font_container=&#8221;tag:h6|text_align:left&#8221; use_theme_fonts=&#8221;yes&#8221; css=&#8221;.vc_custom_1749642356508{padding-left: 40px !important;}&#8221; link=&#8221;url:https%3A%2F%2Fesffranco.edu.pt%2Fweb%2Fwp-content%2Fuploads%2F2025%2F06%2FPlanoCEFT4AA.pdf|target:_blank|rel:nofollow&#8221;][vc_column_text]<strong>[10.\u00ba Ano]<\/strong>[\/vc_column_text][\/vc_column_inner][\/vc_row_inner][\/vc_column][\/vc_row][vc_row][vc_column][vc_custom_heading text=&#8221;T\u00e9cnico de Apoio \u00e0 Gest\u00e3o&#8221; use_theme_fonts=&#8221;yes&#8221;][\/vc_column][\/vc_row][vc_row][vc_column width=&#8221;1\/4&#8243;][vc_single_image image=&#8221;7415&#8243; img_size=&#8221;medium&#8221; css_animation=&#8221;none&#8221; css=&#8221;&#8221;][\/vc_column][vc_column width=&#8221;3\/4&#8243;]\n\t\t\t\t\t<div class=\"wh-theme-icon  scp_theme_icon-48e5c1fb7b6e9f02ed3cd112b68e2723\">\n\t\t\t\t<i class=\"icon-edic_picture_as_pdf\"><\/i>\n\t\t\t<\/div>\n\t\t\t\t[vc_custom_heading text=&#8221;Plano Curricular&#8221; font_container=&#8221;tag:h6|text_align:left&#8221; use_theme_fonts=&#8221;yes&#8221; css=&#8221;.vc_custom_1749642579264{padding-left: 40px !important;}&#8221; link=&#8221;url:https%3A%2F%2Fesffranco.edu.pt%2Fweb%2Fwp-content%2Fuploads%2F2025%2F06%2FPlanoCEFT5TAG.pdf|target:_blank|rel:nofollow&#8221;][vc_column_text css=&#8221;&#8221;]<strong>[11.\u00ba Ano] <\/span><span style=\"color: #dedcdc;\">[12.\u00ba Ano]<\/strong>[\/vc_column_text][\/vc_column][\/vc_row][vc_row disable_element=&#8221;yes&#8221;][vc_column][vc_custom_heading text=&#8221;T\u00e9cnico de Inform\u00e1tica Sistemas&#8221; use_theme_fonts=&#8221;yes&#8221; css=&#8221;&#8221;][\/vc_column][\/vc_row][vc_row disable_element=&#8221;yes&#8221;][vc_column width=&#8221;1\/4&#8243;][vc_single_image image=&#8221;7417&#8243; img_size=&#8221;medium&#8221; css_animation=&#8221;none&#8221; css=&#8221;&#8221;][\/vc_column][vc_column width=&#8221;3\/4&#8243;]\n\t\t\t\t\t<div class=\"wh-theme-icon  scp_theme_icon-48e5c1fb7b6e9f02ed3cd112b68e2723\">\n\t\t\t\t<i class=\"icon-edic_picture_as_pdf\"><\/i>\n\t\t\t<\/div>\n\t\t\t\t[vc_custom_heading text=&#8221;Plano Curricular&#8221; font_container=&#8221;tag:h6|text_align:left&#8221; use_theme_fonts=&#8221;yes&#8221; css=&#8221;.vc_custom_1749642925266{padding-left: 40px !important;}&#8221; link=&#8221;url:https%3A%2F%2Fesffranco.edu.pt%2Fweb%2Fwp-content%2Fuploads%2F2025%2F06%2FPlanoCEFT5TIS.pdf|target:_blank|rel:nofollow&#8221;][vc_column_text css=&#8221;&#8221;]<strong><span style=\"color: #dedcdc;\">[11.\u00ba Ano] [12.\u00ba Ano]<\/span><\/strong>[\/vc_column_text][\/vc_column][\/vc_row][vc_row][vc_column][vc_custom_heading text=&#8221;T\u00e9cnico de Controlo de Qualidade Alimentar&#8221; use_theme_fonts=&#8221;yes&#8221; css=&#8221;&#8221;][\/vc_column][\/vc_row][vc_row][vc_column width=&#8221;1\/4&#8243;][vc_single_image image=&#8221;7419&#8243; img_size=&#8221;medium&#8221; css_animation=&#8221;none&#8221; css=&#8221;&#8221;][\/vc_column][vc_column width=&#8221;3\/4&#8243;]\n\t\t\t\t\t<div class=\"wh-theme-icon  scp_theme_icon-48e5c1fb7b6e9f02ed3cd112b68e2723\">\n\t\t\t\t<i class=\"icon-edic_picture_as_pdf\"><\/i>\n\t\t\t<\/div>\n\t\t\t\t[vc_custom_heading text=&#8221;Plano Curricular&#8221; font_container=&#8221;tag:h6|text_align:left&#8221; use_theme_fonts=&#8221;yes&#8221; css=&#8221;.vc_custom_1749643088934{padding-left: 40px !important;}&#8221; link=&#8221;url:https%3A%2F%2Fesffranco.edu.pt%2Fweb%2Fwp-content%2Fuploads%2F2025%2F06%2FPlanoCEFT6TCQA.pdf|target:_blank|rel:nofollow&#8221;][vc_column_text]<strong>[12.\u00ba Ano]<\/strong>[\/vc_column_text][\/vc_column][\/vc_row][vc_row][vc_column][vc_custom_heading text=&#8221;T\u00e9cnico de Servi\u00e7os Jur\u00eddicos&#8221; use_theme_fonts=&#8221;yes&#8221;][\/vc_column][\/vc_row][vc_row][vc_column width=&#8221;1\/4&#8243;][vc_single_image image=&#8221;7421&#8243; img_size=&#8221;medium&#8221; css_animation=&#8221;none&#8221; css=&#8221;&#8221;][\/vc_column][vc_column width=&#8221;3\/4&#8243;]\n\t\t\t\t\t<div class=\"wh-theme-icon  scp_theme_icon-48e5c1fb7b6e9f02ed3cd112b68e2723\">\n\t\t\t\t<i class=\"icon-edic_picture_as_pdf\"><\/i>\n\t\t\t<\/div>\n\t\t\t\t[vc_custom_heading text=&#8221;Plano Curricular&#8221; font_container=&#8221;tag:h6|text_align:left&#8221; use_theme_fonts=&#8221;yes&#8221; css=&#8221;.vc_custom_1749643402074{padding-left: 40px !important;}&#8221; link=&#8221;url:https%3A%2F%2Fesffranco.edu.pt%2Fweb%2Fwp-content%2Fuploads%2F2025%2F06%2FPlanoCEFT6TSJ.pdf|target:_blank|rel:nofollow&#8221;][vc_column_text]<strong>[12.\u00ba Ano]<\/strong>[\/vc_column_text][\/vc_column][\/vc_row]<\/p>\n<\/div>","protected":false},"excerpt":{"rendered":"<p>[vc_row][vc_column][vc_custom_heading text=&#8221;Oferta Formativa Interna&#8221; use_theme_fonts=&#8221;yes&#8221; css=&#8221;&#8221;][vc_row_inner content_placement=&#8221;middle&#8221;][vc_column_inner width=&#8221;1\/5&#8243;][vc_custom_heading text=&#8221;Guia CEF&#8221; font_container=&#8221;tag:h4|text_align:left&#8221; use_theme_fonts=&#8221;yes&#8221; css=&#8221;&#8221;][\/vc_column_inner][vc_column_inner width=&#8221;4\/5&#8243;][vc_column_text css=&#8221;&#8221;][\/vc_column_text][\/vc_column_inner][\/vc_row_inner][\/vc_column][\/vc_row][vc_row disable_element=&#8221;yes&#8221;][vc_column][vc_custom_heading text=&#8221;Assistente Administrativo&#8221; use_theme_fonts=&#8221;yes&#8221;][vc_row_inner][vc_column_inner width=&#8221;1\/4&#8243;][vc_single_image&nbsp;<a href=\"https:\/\/esffranco.edu.pt\/web\/ofertaeducativa\/cursos-educacao-e-formacao\/\">&hellip;<\/a><\/p>\n","protected":false},"author":1,"featured_media":0,"parent":322,"menu_order":2,"comment_status":"closed","ping_status":"closed","template":"template-sidebar-right-childpages.php","meta":{"footnotes":""},"folder":[],"class_list":["post-3217","page","type-page","status-publish","hentry","odd"],"_links":{"self":[{"href":"https:\/\/esffranco.edu.pt\/web\/wp-json\/wp\/v2\/pages\/3217","targetHints":{"allow":["GET"]}}],"collection":[{"href":"https:\/\/esffranco.edu.pt\/web\/wp-json\/wp\/v2\/pages"}],"about":[{"href":"https:\/\/esffranco.edu.pt\/web\/wp-json\/wp\/v2\/types\/page"}],"author":[{"embeddable":true,"href":"https:\/\/esffranco.edu.pt\/web\/wp-json\/wp\/v2\/users\/1"}],"replies":[{"embeddable":true,"href":"https:\/\/esffranco.edu.pt\/web\/wp-json\/wp\/v2\/comments?post=3217"}],"version-history":[{"count":18,"href":"https:\/\/esffranco.edu.pt\/web\/wp-json\/wp\/v2\/pages\/3217\/revisions"}],"predecessor-version":[{"id":9033,"href":"https:\/\/esffranco.edu.pt\/web\/wp-json\/wp\/v2\/pages\/3217\/revisions\/9033"}],"up":[{"embeddable":true,"href":"https:\/\/esffranco.edu.pt\/web\/wp-json\/wp\/v2\/pages\/322"}],"wp:attachment":[{"href":"https:\/\/esffranco.edu.pt\/web\/wp-json\/wp\/v2\/media?parent=3217"}],"wp:term":[{"taxonomy":"folder","embeddable":true,"href":"https:\/\/esffranco.edu.pt\/web\/wp-json\/wp\/v2\/folder?post=3217"}],"curies":[{"name":"wp","href":"https:\/\/api.w.org\/{rel}","templated":true}]}}