{"id":269,"date":"2022-01-15T18:18:19","date_gmt":"2022-01-15T18:18:19","guid":{"rendered":"https:\/\/esffranco.edu.pt\/web\/?page_id=269"},"modified":"2022-12-05T16:06:15","modified_gmt":"2022-12-05T16:06:15","slug":"patrono","status":"publish","type":"page","link":"https:\/\/esffranco.edu.pt\/web\/escola\/patrono\/","title":{"rendered":"Patrono"},"content":{"rendered":"<div class=\"wpb-content-wrapper\"><p>[vc_row][vc_column][vc_custom_heading text=&#8221;Patrono&#8221; use_theme_fonts=&#8221;yes&#8221;][\/vc_column][\/vc_row][vc_row][vc_column][vc_single_image image=&#8221;531&#8243; img_size=&#8221;full&#8221; alignment=&#8221;center&#8221; onclick=&#8221;link_image&#8221;][\/vc_column][\/vc_row][vc_row][vc_column][vc_custom_heading text=&#8221;Francisco Franco&#8221; font_container=&#8221;tag:h4|text_align:center&#8221; use_theme_fonts=&#8221;yes&#8221;][\/vc_column][\/vc_row][vc_row][vc_column][vc_column_text]Francisco Franco de Sousa, escultor madeirense, foi aluno na Escola Industrial e Comercial do Funchal, hoje Escola Secund\u00e1ria de Francisco Franco. Nasceu em 1885 no Funchal. Recebeu a primeira aprendizagem com seu pai, professor do Ensino T\u00e9cnico no Funchal. Em 1907, juntamente com o irm\u00e3o Henrique Franco, matricula-se na Academia de Belas Artes em Lisboa. Concorre \u00e0 bolsa do legado Valmor com A Justi\u00e7a de Salom\u00e3o. Tendo sido aceite, partiu para Paris em 1910. No ano seguinte, realiza uma viagem de estudo \u00e0 B\u00e9lgica e Holanda. Em 1914, com a Primeira Guerra Mundial, regressa \u00e0 Ilha da Madeira e come\u00e7a a mostrar o seu talento: cria os bustos do Dr. Teixeira Direito e Vieira de Castro, a escultura de um Velho, uma Viloa e uma Nossa Senhora da Paz.<\/p>\n<p>Durante a sua estadia na ilha, concebe ainda alguns monumentos: o Busto Simb\u00f3lico do Aviador, um Torso e um Anjo Implorante, este \u00faltimo por encomenda privada. Produz tamb\u00e9m a sua primeira escultura evocativa de Gon\u00e7alves Zarco, terminada em 1915 no Terreiro da Luta. Em 1918 inicia os estudos, por encomenda da Junta Geral, de uma Est\u00e1tua a Gon\u00e7alves Zarco, desenvolvendo para o pedestal os baixos-relevos do Infante D. Henrique, Conquista, Valor e Ci\u00eancia. Regressa a Paris em 1921. Nesta segunda estada parisiense destacam-se as obras Rapariga Francesa, Rapariga Polaca, Torso de Mulher, Busto de Manuel Jardim, Semeador e os esbocetos Ad\u00e3o e Eva e Chanteuse. Do ano de 1923, destacam-se as exposi\u00e7\u00f5es realizadas no Salon d&#8217;Automne e na Societ\u00e9 Nationale, em Paris e a exposi\u00e7\u00e3o Os 5 Independentes na qual participou com D\u00f3rdio Gomes, Diogo de Macedo, Alfredo Migu\u00e9is e seu irm\u00e3o Henrique Franco.<\/p>\n<p>Dois anos depois, desta vez na galeria Wheyne, em Nova Iorque, exp\u00f5e novamente com grande sucesso, tendo vendido todas as obras a\u00ed exibidas. Ainda em 2005, desloca-se ao Brasil, a fim de participar na Exposi\u00e7\u00e3o Internacional do Rio de Janeiro. Em 1927, mostra o seu talento em Boston. \u00c9 igualmente neste ano que, na Madeira, inicia a escultura de Gon\u00e7alves Zarco, que marca uma nova fase da sua obra. De facto, a partir desta altura, Francisco Franco come\u00e7a a colaborar na constru\u00e7\u00e3o de estatu\u00e1ria ligada ao regime, primeiro, ao lado de Diogo de Macedo e, depois, ao lado de Leopoldo de Almeida.<\/p>\n<p>Datam ainda desta ocasi\u00e3o: a maqueta A Asia criada para o Parque Eduardo VII e o Infante D. Henrique para a exposi\u00e7\u00e3o de Vincennes, bem como o baixo-relevo Lusit\u00e2nia, destinado ao Tribunal do Com\u00e9rcio. Em 1935 termina a Dor para o Pante\u00e3o Real em S\u00e3o Vicente de Fora e D. Leonor para as Caldas da Rainha. Francisco Franco associa o seu nome ao Modernismo em Portugal com o baixo-relevo Apostolado, destinado \u00e0 Igreja de Nossa Senhora de F\u00e1tima, em Lisboa, projeto arquitet\u00f3nico de Pardal Monteiro.<\/p>\n<p>No ano de 1934 concorre \u00e0 vaga de professor de Desenho da Academia Nacional de Belas Artes de Lisboa, sendo, por\u00e9m, preterido em favor de Leopoldo de Almeida. No ano seguinte, foi eleito vogal efetivo da referida Academia. Para ser exibida na Exposi\u00e7\u00e3o Universal de Paris, realizada nessa d\u00e9cada, criou a est\u00e1tua do Prof. Oliveira Salazar. Decorria o ano de 1945, quando entrega \u00e0 Casa da Moeda de Lisboa, edif\u00edcio da autoria de Jorge Segurado, D. Jo\u00e3o I Batalhando. Francisco Franco fez, ao longo da sua carreira, numerosos bustos, algumas obras de medalh\u00edstica e baixos-relevos. \u00c9 um dos mais importantes autores da estatu\u00e1ria portuguesa, com particular incid\u00eancia nos reis de Portugal: D. Dinis e D. Jo\u00e3o III, em Coimbra, e D. Jo\u00e3o I e D. Jo\u00e3o II, em Lisboa, testemunham a grandeza do artista. Teve a honra de receber do Patriarcado de Lisboa a encomenda para um monumento ao Cristo-Rei do qual se viu impossibilitado de acompanhar convenientemente a obra, devido a um acidente de via\u00e7\u00e3o. N\u00e3o conseguiu ver essa obra finalizada, porque a morte o surpreendeu a 15 de Fevereiro de 1955.[\/vc_column_text][\/vc_column][\/vc_row][vc_row][vc_column][vc_custom_heading text=&#8221;S\u00edmbolos&#8221; use_theme_fonts=&#8221;yes&#8221; el_id=&#8221;simbolo&#8221;][\/vc_column][\/vc_row][vc_row][vc_column width=&#8221;1\/2&#8243;][vc_single_image image=&#8221;532&#8243; img_size=&#8221;medium&#8221; onclick=&#8221;link_image&#8221;][vc_custom_heading text=&#8221;Bandeira&#8221; font_container=&#8221;tag:h4|text_align:center&#8221; use_theme_fonts=&#8221;yes&#8221;][\/vc_column][vc_column width=&#8221;1\/2&#8243;][vc_single_image image=&#8221;533&#8243; img_size=&#8221;medium&#8221; alignment=&#8221;center&#8221; onclick=&#8221;link_image&#8221;][vc_custom_heading text=&#8221;Logotipo&#8221; font_container=&#8221;tag:h4|text_align:center&#8221; use_theme_fonts=&#8221;yes&#8221;][\/vc_column][\/vc_row][vc_row][vc_column][vc_custom_heading text=&#8221;Hino&#8221; use_theme_fonts=&#8221;yes&#8221;][\/vc_column][\/vc_row][vc_row][vc_column][vc_column_text]<strong>Vozes Femininas<\/strong><br \/>\nAbre p\u00e1ginas em Hist\u00f3ria<br \/>\nE orgulha-te da tradi\u00e7\u00e3o<br \/>\nNavega em arte, na mem\u00f3ria,<br \/>\nDe outros alunos em gl\u00f3ria<br \/>\nFrancisco Franco e irm\u00e3o!<\/p>\n<p>P\u00f5e na vontade o fermento<br \/>\nDe um trabalho intemporal<br \/>\nAh! Faz-te sonho universal!<br \/>\nCria!&#8230; E d\u00e1 tempo ao tempo.<br \/>\nAfirma o teu ideal!<\/p>\n<p><strong>Refr\u00e3o<\/strong><br \/>\nFaz-te ao leme, timoneiro<br \/>\nFaz-te vela de futuro<br \/>\nOrgulha o passado nosso, altaneiro<br \/>\nChega a bom porto, e seguro!<\/p>\n<p>Vozes Masculinas<br \/>\nFaz um arco-\u00edris em ilha<br \/>\nPinta-o com o mel das palavras<br \/>\nDiz \u00e0 dor que tens garras<br \/>\nPara abrires, em maravilha<\/p>\n<p><strong>Todos<\/strong><br \/>\nCada manh\u00e3, no Funchal<br \/>\nAfirma o teu ideal!<\/p>\n<h6>Letra de Ant\u00f3nio Castro\/M\u00fasica de Jo\u00e3o Atan\u00e1sio<\/h6>\n<p>[\/vc_column_text][vc_btn title=&#8221;Hino vers\u00e3o instrumental&#8221; color=&#8221;primary&#8221; i_icon_fontawesome=&#8221;fas fa-play-circle&#8221; add_icon=&#8221;true&#8221; link=&#8221;url:https%3A%2F%2Fesffranco.edu.pt%2Fweb%2Fwp-content%2Fuploads%2F2022%2F01%2FHinoESFFInstrumental.ogg|target:_blank|rel:nofollow&#8221;][\/vc_column][\/vc_row]<\/p>\n<\/div>","protected":false},"excerpt":{"rendered":"<p>[vc_row][vc_column][vc_custom_heading text=&#8221;Patrono&#8221; use_theme_fonts=&#8221;yes&#8221;][\/vc_column][\/vc_row][vc_row][vc_column][vc_single_image image=&#8221;531&#8243; img_size=&#8221;full&#8221; alignment=&#8221;center&#8221; onclick=&#8221;link_image&#8221;][\/vc_column][\/vc_row][vc_row][vc_column][vc_custom_heading text=&#8221;Francisco Franco&#8221; font_container=&#8221;tag:h4|text_align:center&#8221; use_theme_fonts=&#8221;yes&#8221;][\/vc_column][\/vc_row][vc_row][vc_column][vc_column_text]Francisco Franco de Sousa, escultor madeirense, foi aluno na Escola&nbsp;<a href=\"https:\/\/esffranco.edu.pt\/web\/escola\/patrono\/\">&hellip;<\/a><\/p>\n","protected":false},"author":1,"featured_media":0,"parent":266,"menu_order":0,"comment_status":"closed","ping_status":"closed","template":"template-sidebar-right-childpages.php","meta":{"footnotes":""},"folder":[],"class_list":["post-269","page","type-page","status-publish","hentry","odd"],"_links":{"self":[{"href":"https:\/\/esffranco.edu.pt\/web\/wp-json\/wp\/v2\/pages\/269","targetHints":{"allow":["GET"]}}],"collection":[{"href":"https:\/\/esffranco.edu.pt\/web\/wp-json\/wp\/v2\/pages"}],"about":[{"href":"https:\/\/esffranco.edu.pt\/web\/wp-json\/wp\/v2\/types\/page"}],"author":[{"embeddable":true,"href":"https:\/\/esffranco.edu.pt\/web\/wp-json\/wp\/v2\/users\/1"}],"replies":[{"embeddable":true,"href":"https:\/\/esffranco.edu.pt\/web\/wp-json\/wp\/v2\/comments?post=269"}],"version-history":[{"count":19,"href":"https:\/\/esffranco.edu.pt\/web\/wp-json\/wp\/v2\/pages\/269\/revisions"}],"predecessor-version":[{"id":1774,"href":"https:\/\/esffranco.edu.pt\/web\/wp-json\/wp\/v2\/pages\/269\/revisions\/1774"}],"up":[{"embeddable":true,"href":"https:\/\/esffranco.edu.pt\/web\/wp-json\/wp\/v2\/pages\/266"}],"wp:attachment":[{"href":"https:\/\/esffranco.edu.pt\/web\/wp-json\/wp\/v2\/media?parent=269"}],"wp:term":[{"taxonomy":"folder","embeddable":true,"href":"https:\/\/esffranco.edu.pt\/web\/wp-json\/wp\/v2\/folder?post=269"}],"curies":[{"name":"wp","href":"https:\/\/api.w.org\/{rel}","templated":true}]}}