{"id":1754,"date":"2022-12-04T18:38:27","date_gmt":"2022-12-04T18:38:27","guid":{"rendered":"https:\/\/esffranco.edu.pt\/web\/?page_id=1754"},"modified":"2026-02-11T14:11:16","modified_gmt":"2026-02-11T14:11:16","slug":"banco-dos-afetos","status":"publish","type":"page","link":"https:\/\/esffranco.edu.pt\/web\/clubes\/banco-dos-afetos\/","title":{"rendered":"Banco dos Afetos"},"content":{"rendered":"<div class=\"wpb-content-wrapper\"><p>[vc_row][vc_column][vc_custom_heading text=&#8221;Banco dos Afetos&#8221; use_theme_fonts=&#8221;yes&#8221;][\/vc_column][\/vc_row][vc_row][vc_column][vc_empty_space][\/vc_column][\/vc_row][vc_row][vc_column][vc_single_image image=&#8221;1757&#8243; img_size=&#8221;medium&#8221; alignment=&#8221;center&#8221; onclick=&#8221;link_image&#8221; css_animation=&#8221;none&#8221;][\/vc_column][\/vc_row][vc_row equal_height=&#8221;yes&#8221; content_placement=&#8221;middle&#8221;][vc_column width=&#8221;1\/6&#8243;][vc_custom_heading text=&#8221;Objetivos&#8221; font_container=&#8221;tag:h5|text_align:left&#8221; use_theme_fonts=&#8221;yes&#8221;][vc_icon icon_fontawesome=&#8221;fas fa-list&#8221; color=&#8221;grey&#8221; background_style=&#8221;rounded&#8221; background_color=&#8221;blue&#8221; align=&#8221;center&#8221;][\/vc_column][vc_column width=&#8221;5\/6&#8243;][vc_column_text]O BANCO DE AFETOS nasceu em 2016 resultante da parceria de dois Projetos Escolares existentes na Escola ESFF, o LIS (Laborat\u00f3rio de Investiga\u00e7\u00e3o Social) e o GPS (Gerar Percursos de Sucesso), para criar uma rede de angaria\u00e7\u00e3o de volunt\u00e1rios na ESFF, de forma a intervir localmente em institui\u00e7\u00f5es cred\u00edveis, sediadas na RAM. O Banco apresenta duas esferas de atua\u00e7\u00e3o, uma interna, com volunt\u00e1rios na estrutura f\u00edsica do Banco de Afetos, a prestar informa\u00e7\u00f5es sobre as miss\u00f5es e os prop\u00f3sitos do Banco de Afetos e outra externa \u00e0 escola, enviando volunt\u00e1rios para as institui\u00e7\u00f5es com quem o Banco de Afetos estabeleceu parceria: <strong>Centro da M\u00e3e<\/strong>, <strong>Delega\u00e7\u00e3o da Cruz Vermelha da Madeira<\/strong>, P<strong>rojeto \u201cQuem se importa\u201d<\/strong>, Associa\u00e7\u00e3o Patinhas Felizes, <strong>Canil Vasco Gil<\/strong>, <strong>Servi\u00e7o de Sangue e Medicina Transfusional (Banco de Sangue)<\/strong>, <strong>Sanas<\/strong>, <strong>C\u00e1ritas<\/strong>, <strong>Patronato S. Filipe e SPAD<\/strong>, <strong>Banco Alimentar contra a Fome<\/strong>, <strong>Associa\u00e7\u00e3o Viver de Afetos<\/strong>, <strong>ASSP (Associa\u00e7\u00e3o de Solidariedade Social de Professores)<\/strong> e <strong>LIONS Madeira<\/strong>. O Banco de Afetos foi criado para dar sentido, vida e utilidade aos jovens que se preocupam com os outros, e com todas as problem\u00e1ticas sociais que os rodeiam. Foi criado, pois acreditamos que \u00e9 com afeto, a\u00e7\u00e3o e rea\u00e7\u00e3o que ajudamos a promover o <strong>BEM-COMUM<\/strong>.[\/vc_column_text][\/vc_column][\/vc_row][vc_row][vc_column width=&#8221;1\/6&#8243;][vc_custom_heading text=&#8221;Equipa&#8221; font_container=&#8221;tag:h5|text_align:left&#8221; use_theme_fonts=&#8221;yes&#8221;][vc_icon icon_fontawesome=&#8221;fas fa-users&#8221; color=&#8221;grey&#8221; background_style=&#8221;rounded&#8221; background_color=&#8221;blue&#8221; align=&#8221;center&#8221;][\/vc_column][vc_column width=&#8221;5\/6&#8243;][vc_column_text css=&#8221;&#8221;]<\/p>\n<ul>\n<li>Prof.\u00aa Helena Gomes<\/li>\n<li>Prof.\u00aa Sandra Freitas<\/li>\n<\/ul>\n<p>[\/vc_column_text][\/vc_column][\/vc_row][vc_row][vc_column width=&#8221;1\/6&#8243;][vc_custom_heading text=&#8221;Hor\u00e1rio&#8221; font_container=&#8221;tag:h5|text_align:left&#8221; use_theme_fonts=&#8221;yes&#8221;][vc_icon icon_fontawesome=&#8221;fas fa-calendar-alt&#8221; color=&#8221;grey&#8221; background_style=&#8221;rounded&#8221; background_color=&#8221;blue&#8221; align=&#8221;center&#8221;][\/vc_column][vc_column width=&#8221;5\/6&#8243;][vc_column_text css=&#8221;&#8221;]<\/p>\n<ul>\n<li>Ter\u00e7a-feira das 13:30 \u00e0s 15:00 <small>Biblioteca<\/small><\/li>\n<li>Quarta-feira das 13:30 \u00e0s 15:00 <small>Pra\u00e7a do Afetos<\/small><\/li>\n<\/ul>\n<p>[\/vc_column_text][\/vc_column][\/vc_row][vc_row equal_height=&#8221;yes&#8221; content_placement=&#8221;middle&#8221;][vc_column width=&#8221;1\/6&#8243;][vc_custom_heading text=&#8221;Local&#8221; font_container=&#8221;tag:h5|text_align:left&#8221; use_theme_fonts=&#8221;yes&#8221;][vc_icon icon_fontawesome=&#8221;far fa-map&#8221; color=&#8221;grey&#8221; background_style=&#8221;rounded&#8221; background_color=&#8221;blue&#8221; align=&#8221;center&#8221;][\/vc_column][vc_column width=&#8221;5\/6&#8243;][vc_column_text css=&#8221;&#8221;]<\/p>\n<ul>\n<li>Biblioteca da ESFF<\/li>\n<li>P\u00e1tio dos Afetos<\/li>\n<\/ul>\n<p>[\/vc_column_text][\/vc_column][\/vc_row][vc_row content_placement=&#8221;middle&#8221;][vc_column width=&#8221;1\/6&#8243;][vc_custom_heading text=&#8221;Contactos&#8221; font_container=&#8221;tag:h5|text_align:left&#8221; use_theme_fonts=&#8221;yes&#8221;][\/vc_column][vc_column width=&#8221;5\/6&#8243;][vc_row_inner content_placement=&#8221;middle&#8221;][vc_column_inner width=&#8221;1\/6&#8243;][vc_icon icon_fontawesome=&#8221;far fa-envelope&#8221; background_style=&#8221;rounded&#8221; size=&#8221;sm&#8221; align=&#8221;center&#8221; css=&#8221;&#8221;][\/vc_column_inner][vc_column_inner width=&#8221;5\/6&#8243;][vc_column_text css=&#8221;&#8221;]lis@esffranco.edu.pt[\/vc_column_text][\/vc_column_inner][\/vc_row_inner][\/vc_column][\/vc_row][vc_row disable_element=&#8221;yes&#8221;][vc_column][vc_column_text]<div style=\"width: 848px;\" class=\"wp-video\"><video class=\"wp-video-shortcode\" id=\"video-1754-1\" width=\"848\" height=\"480\" preload=\"metadata\" controls=\"controls\"><source type=\"video\/mp4\" src=\"https:\/\/esffranco.edu.pt\/web\/wp-content\/uploads\/2023\/10\/BancoAfetos.mp4?_=1\" \/><a href=\"https:\/\/esffranco.edu.pt\/web\/wp-content\/uploads\/2023\/10\/BancoAfetos.mp4\">https:\/\/esffranco.edu.pt\/web\/wp-content\/uploads\/2023\/10\/BancoAfetos.mp4<\/a><\/video><\/div>[\/vc_column_text][\/vc_column][\/vc_row]<\/p>\n<\/div>","protected":false},"excerpt":{"rendered":"<p>[vc_row][vc_column][vc_custom_heading text=&#8221;Banco dos Afetos&#8221; use_theme_fonts=&#8221;yes&#8221;][\/vc_column][\/vc_row][vc_row][vc_column][vc_empty_space][\/vc_column][\/vc_row][vc_row][vc_column][vc_single_image image=&#8221;1757&#8243; img_size=&#8221;medium&#8221; alignment=&#8221;center&#8221; onclick=&#8221;link_image&#8221; css_animation=&#8221;none&#8221;][\/vc_column][\/vc_row][vc_row equal_height=&#8221;yes&#8221; content_placement=&#8221;middle&#8221;][vc_column width=&#8221;1\/6&#8243;][vc_custom_heading text=&#8221;Objetivos&#8221; font_container=&#8221;tag:h5|text_align:left&#8221; use_theme_fonts=&#8221;yes&#8221;][vc_icon icon_fontawesome=&#8221;fas fa-list&#8221; color=&#8221;grey&#8221; background_style=&#8221;rounded&#8221;&nbsp;<a href=\"https:\/\/esffranco.edu.pt\/web\/clubes\/banco-dos-afetos\/\">&hellip;<\/a><\/p>\n","protected":false},"author":1,"featured_media":0,"parent":379,"menu_order":33,"comment_status":"closed","ping_status":"closed","template":"template-sidebar-right-childpages.php","meta":{"footnotes":""},"folder":[],"class_list":["post-1754","page","type-page","status-publish","hentry","odd"],"_links":{"self":[{"href":"https:\/\/esffranco.edu.pt\/web\/wp-json\/wp\/v2\/pages\/1754","targetHints":{"allow":["GET"]}}],"collection":[{"href":"https:\/\/esffranco.edu.pt\/web\/wp-json\/wp\/v2\/pages"}],"about":[{"href":"https:\/\/esffranco.edu.pt\/web\/wp-json\/wp\/v2\/types\/page"}],"author":[{"embeddable":true,"href":"https:\/\/esffranco.edu.pt\/web\/wp-json\/wp\/v2\/users\/1"}],"replies":[{"embeddable":true,"href":"https:\/\/esffranco.edu.pt\/web\/wp-json\/wp\/v2\/comments?post=1754"}],"version-history":[{"count":8,"href":"https:\/\/esffranco.edu.pt\/web\/wp-json\/wp\/v2\/pages\/1754\/revisions"}],"predecessor-version":[{"id":8676,"href":"https:\/\/esffranco.edu.pt\/web\/wp-json\/wp\/v2\/pages\/1754\/revisions\/8676"}],"up":[{"embeddable":true,"href":"https:\/\/esffranco.edu.pt\/web\/wp-json\/wp\/v2\/pages\/379"}],"wp:attachment":[{"href":"https:\/\/esffranco.edu.pt\/web\/wp-json\/wp\/v2\/media?parent=1754"}],"wp:term":[{"taxonomy":"folder","embeddable":true,"href":"https:\/\/esffranco.edu.pt\/web\/wp-json\/wp\/v2\/folder?post=1754"}],"curies":[{"name":"wp","href":"https:\/\/api.w.org\/{rel}","templated":true}]}}