{"id":1429,"date":"2022-10-20T15:02:06","date_gmt":"2022-10-20T14:02:06","guid":{"rendered":"https:\/\/esffranco.edu.pt\/web\/?page_id=1429"},"modified":"2026-02-24T19:00:31","modified_gmt":"2026-02-24T19:00:31","slug":"documentos-legais","status":"publish","type":"page","link":"https:\/\/esffranco.edu.pt\/web\/escola\/documentos-legais\/","title":{"rendered":"Documentos Legais"},"content":{"rendered":"<div class=\"wpb-content-wrapper\"><p>[vc_row][vc_column][vc_custom_heading text=&#8221;Concursos&#8221; use_theme_fonts=&#8221;yes&#8221;][vc_row_inner][vc_column_inner][vc_custom_heading text=&#8221;Aquisi\u00e7\u00e3o de bens e servi\u00e7os para a implementa\u00e7\u00e3o da rede estruturada \/Wi-Fi e seguran\u00e7a na ESFF&#8221; font_container=&#8221;tag:h6|text_align:left&#8221; use_theme_fonts=&#8221;yes&#8221;][\/vc_column_inner][\/vc_row_inner][\/vc_column][\/vc_row][vc_row][vc_column width=&#8221;1\/6&#8243;][\/vc_column][vc_column width=&#8221;2\/3&#8243;]\n\t\t\t\t\t<div class=\"wh-theme-icon  scp_theme_icon-9a9c9b80b3f4197cb420a2494489e89c\">\n\t\t\t\t<i class=\"icon-edic_picture_as_pdf\"><\/i>\n\t\t\t<\/div>\n\t\t\t\t[vc_custom_heading text=&#8221;An\u00fancio Di\u00e1rio da Rep\u00fablica&#8221; font_container=&#8221;tag:h6|text_align:left&#8221; use_theme_fonts=&#8221;yes&#8221; css=&#8221;.vc_custom_1666274459757{margin-top: -35px !important;margin-left: 45px !important;}&#8221; link=&#8221;url:https%3A%2F%2Fesffranco.edu.pt%2Fweb%2Ffiles%2Flegal%2FAnuncioDRE_ESFF.pdf|target:_blank&#8221; el_class=&#8221;hoverable&#8221;][vc_separator css_animation=&#8221;fadeInLeft&#8221;]\n\t\t\t\t\t<div class=\"wh-theme-icon  scp_theme_icon-9a9c9b80b3f4197cb420a2494489e89c\">\n\t\t\t\t<i class=\"icon-edic_picture_as_pdf\"><\/i>\n\t\t\t<\/div>\n\t\t\t\t[vc_custom_heading text=&#8221;Caderno de Encargos da Rede Estruturada&#8221; font_container=&#8221;tag:h6|text_align:left&#8221; use_theme_fonts=&#8221;yes&#8221; css=&#8221;.vc_custom_1666274495194{margin-top: -35px !important;margin-left: 45px !important;}&#8221; link=&#8221;url:https%3A%2F%2Fesffranco.edu.pt%2Fweb%2Ffiles%2Flegal%2FCaderno%20de%20Encargos_Rede%20Estruturada.pdf|target:_blank&#8221; el_class=&#8221;hoverable&#8221;][vc_separator css_animation=&#8221;fadeInLeft&#8221;]\n\t\t\t\t\t<div class=\"wh-theme-icon  scp_theme_icon-9a9c9b80b3f4197cb420a2494489e89c\">\n\t\t\t\t<i class=\"icon-edic_picture_as_pdf\"><\/i>\n\t\t\t<\/div>\n\t\t\t\t[vc_custom_heading text=&#8221;Programa da Rede Estruturada&#8221; font_container=&#8221;tag:h6|text_align:left&#8221; use_theme_fonts=&#8221;yes&#8221; css=&#8221;.vc_custom_1666274520493{margin-top: -35px !important;margin-left: 45px !important;}&#8221; link=&#8221;url:https%3A%2F%2Fesffranco.edu.pt%2Fweb%2Ffiles%2Flegal%2FPrograma_Rede%20Estruturada_ESFF.pdf|target:_blank&#8221; el_class=&#8221;hoverable&#8221;][\/vc_column][vc_column width=&#8221;1\/6&#8243;][\/vc_column][\/vc_row][vc_row][vc_column][vc_custom_heading text=&#8221;Declara\u00e7\u00f5es&#8221; use_theme_fonts=&#8221;yes&#8221;][vc_row_inner][vc_column_inner width=&#8221;1\/6&#8243;][\/vc_column_inner][vc_column_inner width=&#8221;2\/3&#8243;]\n\t\t\t\t\t<div class=\"wh-theme-icon  scp_theme_icon-9a9c9b80b3f4197cb420a2494489e89c\">\n\t\t\t\t<i class=\"icon-edic_picture_as_pdf\"><\/i>\n\t\t\t<\/div>\n\t\t\t\t[vc_custom_heading text=&#8221;Declara\u00e7\u00f5es &#8211; Lei 8\/2012 (alterada pela Lei n.\u00ba 22\/2015 de 17 de mar\u00e7o) &#8211; 2025&#8243; font_container=&#8221;tag:h6|text_align:left&#8221; use_theme_fonts=&#8221;yes&#8221; css=&#8221;.vc_custom_1771959555517{margin-top: -35px !important;margin-left: 45px !important;}&#8221; link=&#8221;url:https%3A%2F%2Fesffranco.edu.pt%2Fweb%2Fwp-content%2Fuploads%2F2026%2F02%2FDeclaracoes_Lei_8_2012_2025.pdf|target:_blank&#8221; el_class=&#8221;hoverable&#8221;][\/vc_column_inner][vc_column_inner width=&#8221;1\/6&#8243;][\/vc_column_inner][\/vc_row_inner][vc_row_inner disable_element=&#8221;yes&#8221;][vc_column_inner width=&#8221;1\/6&#8243;][\/vc_column_inner][vc_column_inner width=&#8221;2\/3&#8243;]\n\t\t\t\t\t<div class=\"wh-theme-icon  scp_theme_icon-9a9c9b80b3f4197cb420a2494489e89c\">\n\t\t\t\t<i class=\"icon-edic_picture_as_pdf\"><\/i>\n\t\t\t<\/div>\n\t\t\t\t[vc_custom_heading text=&#8221;Balan\u00e7o Social 2020&#8243; font_container=&#8221;tag:h6|text_align:left&#8221; use_theme_fonts=&#8221;yes&#8221; css=&#8221;.vc_custom_1665324210664{margin-top: -35px !important;margin-left: 45px !important;}&#8221; link=&#8221;url:https%3A%2F%2Fesffranco.edu.pt%2Fweb%2Ffiles%2Fescola%2FBalan%C3%A7oSocial2020.pdf|target:_blank&#8221; el_class=&#8221;hoverable&#8221;][vc_separator css_animation=&#8221;fadeInLeft&#8221;]\n\t\t\t\t\t<div class=\"wh-theme-icon  scp_theme_icon-9a9c9b80b3f4197cb420a2494489e89c\">\n\t\t\t\t<i class=\"icon-edic_picture_as_pdf\"><\/i>\n\t\t\t<\/div>\n\t\t\t\t[vc_custom_heading text=&#8221;Declara\u00e7\u00e3o de Compromissos Plurianuais&#8221; font_container=&#8221;tag:h6|text_align:left&#8221; use_theme_fonts=&#8221;yes&#8221; css=&#8221;.vc_custom_1665324298069{margin-top: -35px !important;margin-left: 45px !important;}&#8221; link=&#8221;url:https%3A%2F%2Fesffranco.edu.pt%2Fweb%2Ffiles%2Fescola%2FDeclara%C3%A7%C3%A3oCompromissosPlurianuais21.pdf|target:_blank&#8221; el_class=&#8221;hoverable&#8221;][vc_separator css_animation=&#8221;fadeInLeft&#8221;]\n\t\t\t\t\t<div class=\"wh-theme-icon  scp_theme_icon-9a9c9b80b3f4197cb420a2494489e89c\">\n\t\t\t\t<i class=\"icon-edic_picture_as_pdf\"><\/i>\n\t\t\t<\/div>\n\t\t\t\t[vc_custom_heading text=&#8221;Declara\u00e7\u00e3o de Subven\u00e7\u00f5es&#8221; font_container=&#8221;tag:h6|text_align:left&#8221; use_theme_fonts=&#8221;yes&#8221; css=&#8221;.vc_custom_1665324304475{margin-top: -35px !important;margin-left: 45px !important;}&#8221; link=&#8221;url:https%3A%2F%2Fesffranco.edu.pt%2Fweb%2Ffiles%2Fescola%2FDeclara%C3%A7%C3%A3oSubven%C3%A7%C3%B5es21.pdf|target:_blank&#8221; el_class=&#8221;hoverable&#8221;][vc_separator css_animation=&#8221;fadeInLeft&#8221;]\n\t\t\t\t\t<div class=\"wh-theme-icon  scp_theme_icon-9a9c9b80b3f4197cb420a2494489e89c\">\n\t\t\t\t<i class=\"icon-edic_picture_as_pdf\"><\/i>\n\t\t\t<\/div>\n\t\t\t\t[vc_custom_heading text=&#8221;Declara\u00e7\u00e3o de Pagamentos em Atraso&#8221; font_container=&#8221;tag:h6|text_align:left&#8221; use_theme_fonts=&#8221;yes&#8221; css=&#8221;.vc_custom_1665324358431{margin-top: -35px !important;margin-left: 45px !important;}&#8221; link=&#8221;url:https%3A%2F%2Fesffranco.edu.pt%2Fweb%2Ffiles%2Fescola%2FDeclara%C3%A7%C3%A3oPagamentosAtraso21.pdf|target:_blank&#8221; el_class=&#8221;hoverable&#8221;][vc_separator css_animation=&#8221;fadeInLeft&#8221;]\n\t\t\t\t\t<div class=\"wh-theme-icon  scp_theme_icon-9a9c9b80b3f4197cb420a2494489e89c\">\n\t\t\t\t<i class=\"icon-edic_picture_as_pdf\"><\/i>\n\t\t\t<\/div>\n\t\t\t\t[vc_custom_heading text=&#8221;Declara\u00e7\u00e3o de Recebimentos em Atraso&#8221; font_container=&#8221;tag:h6|text_align:left&#8221; use_theme_fonts=&#8221;yes&#8221; css=&#8221;.vc_custom_1665324432128{margin-top: -35px !important;margin-left: 45px !important;}&#8221; link=&#8221;url:https%3A%2F%2Fesffranco.edu.pt%2Fweb%2Ffiles%2Fescola%2FDeclara%C3%A7%C3%A3oRecebimentosAtraso21.pdf|target:_blank&#8221; el_class=&#8221;hoverable&#8221;][\/vc_column_inner][vc_column_inner width=&#8221;1\/6&#8243;][\/vc_column_inner][\/vc_row_inner][\/vc_column][\/vc_row][vc_row][vc_column][vc_custom_heading text=&#8221;Documentos&#8221; use_theme_fonts=&#8221;yes&#8221;][\/vc_column][\/vc_row][vc_row][vc_column width=&#8221;1\/6&#8243;][\/vc_column][vc_column width=&#8221;2\/3&#8243;]\n\t\t\t\t\t<div class=\"wh-theme-icon  scp_theme_icon-9a9c9b80b3f4197cb420a2494489e89c\">\n\t\t\t\t<i class=\"icon-edic_picture_as_pdf\"><\/i>\n\t\t\t<\/div>\n\t\t\t\t[vc_custom_heading text=&#8221;Plano Preven\u00e7\u00e3o de Riscos de Corrup\u00e7\u00e3o e Infra\u00e7\u00f5es Conexas&#8221; font_container=&#8221;tag:h6|text_align:left&#8221; use_theme_fonts=&#8221;yes&#8221; css=&#8221;.vc_custom_1771536719791{margin-top: -35px !important;margin-left: 45px !important;}&#8221; link=&#8221;url:https%3A%2F%2Fesffranco.edu.pt%2Fweb%2Fwp-content%2Fuploads%2F2026%2F02%2FPlanoPrevencaoRCIC.pdf|target:_blank&#8221; el_class=&#8221;hoverable&#8221;]\n\t\t\t\t\t<div class=\"wh-theme-icon  scp_theme_icon-9a9c9b80b3f4197cb420a2494489e89c\">\n\t\t\t\t<i class=\"icon-edic_picture_as_pdf\"><\/i>\n\t\t\t<\/div>\n\t\t\t\t[vc_custom_heading text=&#8221;C\u00f3digo de Conduta&#8221; font_container=&#8221;tag:h6|text_align:left&#8221; use_theme_fonts=&#8221;yes&#8221; css=&#8221;.vc_custom_1771536761232{margin-top: -35px !important;margin-left: 45px !important;}&#8221; link=&#8221;url:https%3A%2F%2Fesffranco.edu.pt%2Fweb%2Fwp-content%2Fuploads%2F2026%2F02%2FCodigoConduta.pdf|target:_blank&#8221; el_class=&#8221;hoverable&#8221;]\n\t\t\t\t\t<div class=\"wh-theme-icon  scp_theme_icon-9a9c9b80b3f4197cb420a2494489e89c\">\n\t\t\t\t<i class=\"icon-edic_picture_as_pdf\"><\/i>\n\t\t\t<\/div>\n\t\t\t\t[vc_custom_heading text=&#8221;Programa de Forma\u00e7\u00e3o&#8221; font_container=&#8221;tag:h6|text_align:left&#8221; use_theme_fonts=&#8221;yes&#8221; css=&#8221;.vc_custom_1771536903192{margin-top: -35px !important;margin-left: 45px !important;}&#8221; link=&#8221;url:https%3A%2F%2Fesffranco.edu.pt%2Fweb%2Fwp-content%2Fuploads%2F2026%2F02%2FProgramaFormacao.pdf|target:_blank&#8221; el_class=&#8221;hoverable&#8221;]\n\t\t\t\t\t<div class=\"wh-theme-icon  scp_theme_icon-9a9c9b80b3f4197cb420a2494489e89c\">\n\t\t\t\t<i class=\"icon-edic_picture_as_pdf\"><\/i>\n\t\t\t<\/div>\n\t\t\t\t[vc_custom_heading text=&#8221;Mapa Pessoal&#8221; font_container=&#8221;tag:h6|text_align:left&#8221; use_theme_fonts=&#8221;yes&#8221; css=&#8221;.vc_custom_1771537129600{margin-top: -35px !important;margin-left: 45px !important;}&#8221; link=&#8221;url:https%3A%2F%2Fesffranco.edu.pt%2Fweb%2Fwp-content%2Fuploads%2F2025%2F11%2FMapaPessoaNDESFF.pdf|target:_blank&#8221; el_class=&#8221;hoverable&#8221;][\/vc_column][vc_column width=&#8221;1\/6&#8243;][\/vc_column][\/vc_row][vc_row][vc_column][vc_separator color=&#8221;sandy_brown&#8221;][vc_single_image image=&#8221;6347&#8243; img_size=&#8221;medium&#8221; alignment=&#8221;center&#8221; style=&#8221;vc_box_shadow&#8221; onclick=&#8221;link_image&#8221;][\/vc_column][\/vc_row]<\/p>\n<\/div>","protected":false},"excerpt":{"rendered":"<p>[vc_row][vc_column][vc_custom_heading text=&#8221;Concursos&#8221; use_theme_fonts=&#8221;yes&#8221;][vc_row_inner][vc_column_inner][vc_custom_heading text=&#8221;Aquisi\u00e7\u00e3o de bens e servi\u00e7os para a implementa\u00e7\u00e3o da rede estruturada \/Wi-Fi e seguran\u00e7a na ESFF&#8221; font_container=&#8221;tag:h6|text_align:left&#8221;&nbsp;<a href=\"https:\/\/esffranco.edu.pt\/web\/escola\/documentos-legais\/\">&hellip;<\/a><\/p>\n","protected":false},"author":1,"featured_media":0,"parent":266,"menu_order":4,"comment_status":"closed","ping_status":"closed","template":"template-sidebar-right-childpages.php","meta":{"footnotes":""},"folder":[],"class_list":["post-1429","page","type-page","status-publish","hentry","odd"],"_links":{"self":[{"href":"https:\/\/esffranco.edu.pt\/web\/wp-json\/wp\/v2\/pages\/1429","targetHints":{"allow":["GET"]}}],"collection":[{"href":"https:\/\/esffranco.edu.pt\/web\/wp-json\/wp\/v2\/pages"}],"about":[{"href":"https:\/\/esffranco.edu.pt\/web\/wp-json\/wp\/v2\/types\/page"}],"author":[{"embeddable":true,"href":"https:\/\/esffranco.edu.pt\/web\/wp-json\/wp\/v2\/users\/1"}],"replies":[{"embeddable":true,"href":"https:\/\/esffranco.edu.pt\/web\/wp-json\/wp\/v2\/comments?post=1429"}],"version-history":[{"count":13,"href":"https:\/\/esffranco.edu.pt\/web\/wp-json\/wp\/v2\/pages\/1429\/revisions"}],"predecessor-version":[{"id":8735,"href":"https:\/\/esffranco.edu.pt\/web\/wp-json\/wp\/v2\/pages\/1429\/revisions\/8735"}],"up":[{"embeddable":true,"href":"https:\/\/esffranco.edu.pt\/web\/wp-json\/wp\/v2\/pages\/266"}],"wp:attachment":[{"href":"https:\/\/esffranco.edu.pt\/web\/wp-json\/wp\/v2\/media?parent=1429"}],"wp:term":[{"taxonomy":"folder","embeddable":true,"href":"https:\/\/esffranco.edu.pt\/web\/wp-json\/wp\/v2\/folder?post=1429"}],"curies":[{"name":"wp","href":"https:\/\/api.w.org\/{rel}","templated":true}]}}