{"id":1317,"date":"2022-10-17T15:32:28","date_gmt":"2022-10-17T14:32:28","guid":{"rendered":"https:\/\/esffranco.edu.pt\/web\/?page_id=1317"},"modified":"2025-01-05T20:40:50","modified_gmt":"2025-01-05T20:40:50","slug":"galeria-de-arte","status":"publish","type":"page","link":"https:\/\/esffranco.edu.pt\/web\/clubes\/galeria-de-arte\/","title":{"rendered":"Galeria de Arte"},"content":{"rendered":"<div class=\"wpb-content-wrapper\"><p>[vc_row][vc_column][vc_custom_heading text=&#8221;Projeto Galeria de Arte Francisco Franco&#8221; use_theme_fonts=&#8221;yes&#8221;][\/vc_column][\/vc_row][vc_row][vc_column][vc_empty_space][\/vc_column][\/vc_row][vc_row][vc_column][vc_single_image image=&#8221;1321&#8243; img_size=&#8221;medium&#8221; alignment=&#8221;center&#8221; onclick=&#8221;link_image&#8221; css_animation=&#8221;none&#8221;][\/vc_column][\/vc_row][vc_row equal_height=&#8221;yes&#8221; content_placement=&#8221;middle&#8221;][vc_column width=&#8221;1\/6&#8243;][vc_custom_heading text=&#8221;Objetivos&#8221; font_container=&#8221;tag:h5|text_align:left&#8221; use_theme_fonts=&#8221;yes&#8221;][vc_icon icon_fontawesome=&#8221;fas fa-list&#8221; color=&#8221;grey&#8221; background_style=&#8221;rounded&#8221; background_color=&#8221;blue&#8221; align=&#8221;center&#8221;][\/vc_column][vc_column width=&#8221;5\/6&#8243;][vc_column_text]A Galeria de Arte Francisco Franco insere-se no contexto escolar e como tal constitui-se como um projeto pedag\u00f3gico\/did\u00e1tico de car\u00e1ter cultural, num espa\u00e7o expositivo: lugar de encontro, de mem\u00f3rias, di\u00e1logos e pr\u00e1ticas art\u00edsticas. Enquanto espa\u00e7o de galeria com caracter\u00edsticas pr\u00f3prias, privilegiam-se atividades expositivas que dialogam com o lugar, por forma a proporcionar ao visitante em geral, e aos alunos em particular, o experienciar de distintos modos de produ\u00e7\u00e3o e montagem de exposi\u00e7\u00f5es ou seja a rela\u00e7\u00e3o do exposto com o espa\u00e7o e o ensaio do conceito de resid\u00eancia art\u00edstica. As propostas para o espa\u00e7o da galeria envolvem exposi\u00e7\u00f5es de criadores com produ\u00e7\u00e3o local, ou outra; exposi\u00e7\u00f5es did\u00e1ticas; encontros e conversas com artistas, designers e arquitetos, sobre as suas pr\u00e1ticas, processos criativos e modos de formar; ateliers, workshops e exposi\u00e7\u00f5es com car\u00e1ter interdisciplinar integradas no plano anual de atividades e exposi\u00e7\u00f5es que reflitam o trabalho anual dos alunos das artes visuais.[\/vc_column_text][\/vc_column][\/vc_row][vc_row content_placement=&#8221;middle&#8221;][vc_column width=&#8221;1\/6&#8243;][vc_custom_heading text=&#8221;Equipa&#8221; font_container=&#8221;tag:h5|text_align:left&#8221; use_theme_fonts=&#8221;yes&#8221;][vc_icon icon_fontawesome=&#8221;fas fa-users&#8221; color=&#8221;grey&#8221; background_style=&#8221;rounded&#8221; background_color=&#8221;blue&#8221; align=&#8221;center&#8221;][\/vc_column][vc_column width=&#8221;5\/6&#8243;][vc_column_text css=&#8221;&#8221;]Prof. Pedro Berenger[\/vc_column_text][\/vc_column][\/vc_row][vc_row][vc_column width=&#8221;1\/6&#8243;][vc_custom_heading text=&#8221;Hor\u00e1rio&#8221; font_container=&#8221;tag:h5|text_align:left&#8221; use_theme_fonts=&#8221;yes&#8221;][vc_icon icon_fontawesome=&#8221;fas fa-calendar-alt&#8221; color=&#8221;grey&#8221; background_style=&#8221;rounded&#8221; background_color=&#8221;blue&#8221; align=&#8221;center&#8221;][\/vc_column][vc_column width=&#8221;5\/6&#8243;][vc_column_text]<\/p>\n<ul>\n<li>Por Exposi\u00e7\u00e3o patente<small><\/small><\/li>\n<li>Por agendamento<\/li>\n<\/ul>\n<p>[\/vc_column_text][\/vc_column][\/vc_row][vc_row equal_height=&#8221;yes&#8221; content_placement=&#8221;middle&#8221;][vc_column width=&#8221;1\/6&#8243;][vc_custom_heading text=&#8221;Local&#8221; font_container=&#8221;tag:h5|text_align:left&#8221; use_theme_fonts=&#8221;yes&#8221;][vc_icon icon_fontawesome=&#8221;far fa-map&#8221; color=&#8221;grey&#8221; background_style=&#8221;rounded&#8221; background_color=&#8221;blue&#8221; align=&#8221;center&#8221;][\/vc_column][vc_column width=&#8221;5\/6&#8243;][vc_column_text css=&#8221;&#8221;]Galeria de Arte[\/vc_column_text][\/vc_column][\/vc_row][vc_row content_placement=&#8221;middle&#8221;][vc_column width=&#8221;1\/6&#8243;][vc_custom_heading text=&#8221;Contactos&#8221; font_container=&#8221;tag:h5|text_align:left&#8221; use_theme_fonts=&#8221;yes&#8221;][\/vc_column][vc_column width=&#8221;5\/6&#8243;][vc_row_inner content_placement=&#8221;middle&#8221;][vc_column_inner width=&#8221;1\/6&#8243;][vc_icon icon_fontawesome=&#8221;far fa-envelope&#8221; background_style=&#8221;rounded&#8221; size=&#8221;sm&#8221; align=&#8221;center&#8221;][\/vc_column_inner][vc_column_inner width=&#8221;5\/6&#8243;][vc_column_text]nunesrpb@esffranco.edu.pt &#8211; Prof. Pedro Berenguer[\/vc_column_text][\/vc_column_inner][\/vc_row_inner][vc_row_inner content_placement=&#8221;middle&#8221;][vc_column_inner width=&#8221;1\/6&#8243;][vc_icon icon_fontawesome=&#8221;fab fa-facebook-square&#8221; background_style=&#8221;rounded&#8221; size=&#8221;sm&#8221; align=&#8221;center&#8221;][\/vc_column_inner][vc_column_inner width=&#8221;5\/6&#8243;][vc_column_text]<a href=\"https:\/\/www.facebook.com\/galeriadeartefranciscofranco\" target=\"_blank\" rel=\"noopener\">www.facebook.com\/galeriadeartefranciscofranco<\/a>[\/vc_column_text][\/vc_column_inner][\/vc_row_inner][vc_row_inner content_placement=&#8221;middle&#8221;][vc_column_inner width=&#8221;1\/6&#8243;][vc_icon icon_fontawesome=&#8221;fab fa-instagram&#8221; background_style=&#8221;rounded&#8221; size=&#8221;sm&#8221; align=&#8221;center&#8221;][\/vc_column_inner][vc_column_inner width=&#8221;5\/6&#8243;][vc_column_text]<a href=\"https:\/\/www.instagram.com\/galeriafranciscofranco\/\" target=\"_blank\" rel=\"noopener\">www.instagram.com\/galeriafranciscofranco<\/a>[\/vc_column_text][\/vc_column_inner][\/vc_row_inner][\/vc_column][\/vc_row][vc_row disable_element=&#8221;yes&#8221;][vc_column][vc_custom_heading text=&#8221;Exposi\u00e7\u00e3o&#8221; font_container=&#8221;tag:h2|text_align:center&#8221; use_theme_fonts=&#8221;yes&#8221;][\/vc_column][\/vc_row][vc_row equal_height=&#8221;yes&#8221; disable_element=&#8221;yes&#8221;][vc_column][vc_row_inner content_placement=&#8221;middle&#8221;][vc_column_inner width=&#8221;1\/6&#8243;][vc_icon icon_fontawesome=&#8221;far fa-eye&#8221; background_style=&#8221;rounded&#8221; align=&#8221;center&#8221;][\/vc_column_inner][vc_column_inner width=&#8221;5\/6&#8243;][vc_column_text]<\/p>\n<h3><strong><a href=\"https:\/\/esffranco.edu.pt\/web\/galeria\/\" rel=\"noopener\">Refloresta\u00e7\u00e3o do Olhar<\/a><\/strong><\/h3>\n<p>[\/vc_column_text][\/vc_column_inner][\/vc_row_inner][\/vc_column][\/vc_row]<\/p>\n<\/div>","protected":false},"excerpt":{"rendered":"<p>[vc_row][vc_column][vc_custom_heading text=&#8221;Projeto Galeria de Arte Francisco Franco&#8221; use_theme_fonts=&#8221;yes&#8221;][\/vc_column][\/vc_row][vc_row][vc_column][vc_empty_space][\/vc_column][\/vc_row][vc_row][vc_column][vc_single_image image=&#8221;1321&#8243; img_size=&#8221;medium&#8221; alignment=&#8221;center&#8221; onclick=&#8221;link_image&#8221; css_animation=&#8221;none&#8221;][\/vc_column][\/vc_row][vc_row equal_height=&#8221;yes&#8221; content_placement=&#8221;middle&#8221;][vc_column width=&#8221;1\/6&#8243;][vc_custom_heading text=&#8221;Objetivos&#8221; font_container=&#8221;tag:h5|text_align:left&#8221; use_theme_fonts=&#8221;yes&#8221;][vc_icon icon_fontawesome=&#8221;fas&nbsp;<a href=\"https:\/\/esffranco.edu.pt\/web\/clubes\/galeria-de-arte\/\">&hellip;<\/a><\/p>\n","protected":false},"author":1,"featured_media":0,"parent":379,"menu_order":21,"comment_status":"closed","ping_status":"closed","template":"template-sidebar-right-childpages.php","meta":{"footnotes":""},"folder":[],"class_list":["post-1317","page","type-page","status-publish","hentry","odd"],"_links":{"self":[{"href":"https:\/\/esffranco.edu.pt\/web\/wp-json\/wp\/v2\/pages\/1317","targetHints":{"allow":["GET"]}}],"collection":[{"href":"https:\/\/esffranco.edu.pt\/web\/wp-json\/wp\/v2\/pages"}],"about":[{"href":"https:\/\/esffranco.edu.pt\/web\/wp-json\/wp\/v2\/types\/page"}],"author":[{"embeddable":true,"href":"https:\/\/esffranco.edu.pt\/web\/wp-json\/wp\/v2\/users\/1"}],"replies":[{"embeddable":true,"href":"https:\/\/esffranco.edu.pt\/web\/wp-json\/wp\/v2\/comments?post=1317"}],"version-history":[{"count":7,"href":"https:\/\/esffranco.edu.pt\/web\/wp-json\/wp\/v2\/pages\/1317\/revisions"}],"predecessor-version":[{"id":6777,"href":"https:\/\/esffranco.edu.pt\/web\/wp-json\/wp\/v2\/pages\/1317\/revisions\/6777"}],"up":[{"embeddable":true,"href":"https:\/\/esffranco.edu.pt\/web\/wp-json\/wp\/v2\/pages\/379"}],"wp:attachment":[{"href":"https:\/\/esffranco.edu.pt\/web\/wp-json\/wp\/v2\/media?parent=1317"}],"wp:term":[{"taxonomy":"folder","embeddable":true,"href":"https:\/\/esffranco.edu.pt\/web\/wp-json\/wp\/v2\/folder?post=1317"}],"curies":[{"name":"wp","href":"https:\/\/api.w.org\/{rel}","templated":true}]}}