{"id":1306,"date":"2025-01-05T20:48:08","date_gmt":"2025-01-05T20:48:08","guid":{"rendered":"https:\/\/esffranco.edu.pt\/web\/?page_id=1306"},"modified":"2025-12-07T09:53:59","modified_gmt":"2025-12-07T09:53:59","slug":"clube-jogos-matematicos","status":"publish","type":"page","link":"https:\/\/esffranco.edu.pt\/web\/clubes\/clube-jogos-matematicos\/","title":{"rendered":"Clube Jogos Matem\u00e1ticos"},"content":{"rendered":"<div class=\"wpb-content-wrapper\"><p>[vc_row][vc_column][vc_custom_heading text=&#8221;Clube de Jogos Matem\u00e1ticos&#8221; use_theme_fonts=&#8221;yes&#8221; css=&#8221;&#8221;][\/vc_column][\/vc_row][vc_row][vc_column][vc_empty_space][\/vc_column][\/vc_row][vc_row disable_element=&#8221;yes&#8221;][vc_column][vc_single_image image=&#8221;389&#8243; img_size=&#8221;medium&#8221; alignment=&#8221;center&#8221; onclick=&#8221;link_image&#8221; css_animation=&#8221;none&#8221;][\/vc_column][\/vc_row][vc_row equal_height=&#8221;yes&#8221; content_placement=&#8221;middle&#8221;][vc_column width=&#8221;1\/6&#8243;][vc_custom_heading text=&#8221;Objetivos&#8221; font_container=&#8221;tag:h5|text_align:left&#8221; use_theme_fonts=&#8221;yes&#8221;][vc_icon icon_fontawesome=&#8221;fas fa-list&#8221; color=&#8221;grey&#8221; background_style=&#8221;rounded&#8221; background_color=&#8221;blue&#8221; align=&#8221;center&#8221;][\/vc_column][vc_column width=&#8221;5\/6&#8243;][vc_column_text css=&#8221;&#8221;]Participa\u00e7\u00e3o no Campeonato Regional e Nacional de jogos Matem\u00e1ticos.[\/vc_column_text][\/vc_column][\/vc_row][vc_row][vc_column width=&#8221;1\/6&#8243;][vc_custom_heading text=&#8221;Equipa&#8221; font_container=&#8221;tag:h5|text_align:left&#8221; use_theme_fonts=&#8221;yes&#8221;][vc_icon icon_fontawesome=&#8221;fas fa-users&#8221; color=&#8221;grey&#8221; background_style=&#8221;rounded&#8221; background_color=&#8221;blue&#8221; align=&#8221;center&#8221;][\/vc_column][vc_column width=&#8221;5\/6&#8243;][vc_column_text css=&#8221;&#8221;]<\/p>\n<ul>\n<li>Prof.\u00aa Ana Lina Marques<\/li>\n<li>Prof. Carlos Pereira<\/li>\n<li>Prof.\u00aa C\u00e9lia Viegas<\/li>\n<\/ul>\n<p>[\/vc_column_text][\/vc_column][\/vc_row][vc_row][vc_column width=&#8221;1\/6&#8243;][vc_custom_heading text=&#8221;Hor\u00e1rio&#8221; font_container=&#8221;tag:h5|text_align:left&#8221; use_theme_fonts=&#8221;yes&#8221;][vc_icon icon_fontawesome=&#8221;fas fa-calendar-alt&#8221; color=&#8221;grey&#8221; background_style=&#8221;rounded&#8221; background_color=&#8221;blue&#8221; align=&#8221;center&#8221;][\/vc_column][vc_column width=&#8221;5\/6&#8243;][vc_column_text css=&#8221;&#8221;]<\/p>\n<ul>\n<li>Segunda-feira das 10:00 \u00e0s 10:45<\/li>\n<li>Quinta-feira das 10:00 \u00e0s 10:45<\/li>\n<li>Sexta-feira das 13:30 \u00e0s 14:15<\/li>\n<\/ul>\n<p>[\/vc_column_text][\/vc_column][\/vc_row][vc_row equal_height=&#8221;yes&#8221; content_placement=&#8221;middle&#8221;][vc_column width=&#8221;1\/6&#8243;][vc_custom_heading text=&#8221;Local&#8221; font_container=&#8221;tag:h5|text_align:left&#8221; use_theme_fonts=&#8221;yes&#8221;][vc_icon icon_fontawesome=&#8221;far fa-map&#8221; color=&#8221;grey&#8221; background_style=&#8221;rounded&#8221; background_color=&#8221;blue&#8221; align=&#8221;center&#8221;][\/vc_column][vc_column width=&#8221;5\/6&#8243;][vc_column_text css=&#8221;&#8221;]Polivalente[\/vc_column_text][\/vc_column][\/vc_row][vc_row content_placement=&#8221;middle&#8221;][vc_column width=&#8221;1\/6&#8243;][vc_custom_heading text=&#8221;Contactos&#8221; font_container=&#8221;tag:h5|text_align:left&#8221; use_theme_fonts=&#8221;yes&#8221;][\/vc_column][vc_column width=&#8221;5\/6&#8243;][vc_row_inner content_placement=&#8221;middle&#8221;][vc_column_inner width=&#8221;1\/6&#8243;][vc_icon icon_fontawesome=&#8221;far fa-envelope&#8221; background_style=&#8221;rounded&#8221; size=&#8221;sm&#8221; align=&#8221;center&#8221;][\/vc_column_inner][vc_column_inner width=&#8221;5\/6&#8243;][vc_column_text css=&#8221;&#8221;]cjmff@esffranco.edu.pt[\/vc_column_text][\/vc_column_inner][\/vc_row_inner][vc_row_inner content_placement=&#8221;middle&#8221; disable_element=&#8221;yes&#8221;][vc_column_inner width=&#8221;1\/6&#8243;][vc_icon icon_fontawesome=&#8221;fas fa-desktop&#8221; background_style=&#8221;rounded&#8221; size=&#8221;sm&#8221; align=&#8221;center&#8221;][\/vc_column_inner][vc_column_inner width=&#8221;5\/6&#8243;][vc_column_text]<a href=\"https:\/\/clubebarbusano.wixsite.com\/esff\" target=\"_blank\" rel=\"noopener\">clubebarbusano.wixsite.com\/esff<\/a>[\/vc_column_text][\/vc_column_inner][\/vc_row_inner][vc_row_inner content_placement=&#8221;middle&#8221; disable_element=&#8221;yes&#8221;][vc_column_inner width=&#8221;1\/6&#8243;][vc_icon icon_fontawesome=&#8221;far fa-edit&#8221; background_style=&#8221;rounded&#8221; size=&#8221;sm&#8221; align=&#8221;center&#8221;][\/vc_column_inner][vc_column_inner width=&#8221;5\/6&#8243;][vc_column_text]<a href=\"https:\/\/forms.gle\/UNnt3jLPZQNqojRC9\" target=\"_blank\" rel=\"noopener\">Ficha de Inscri\u00e7\u00e3o<\/a>[\/vc_column_text][\/vc_column_inner][\/vc_row_inner][\/vc_column][\/vc_row]<\/p>\n<\/div>","protected":false},"excerpt":{"rendered":"<p>[vc_row][vc_column][vc_custom_heading text=&#8221;Clube de Jogos Matem\u00e1ticos&#8221; use_theme_fonts=&#8221;yes&#8221; css=&#8221;&#8221;][\/vc_column][\/vc_row][vc_row][vc_column][vc_empty_space][\/vc_column][\/vc_row][vc_row disable_element=&#8221;yes&#8221;][vc_column][vc_single_image image=&#8221;389&#8243; img_size=&#8221;medium&#8221; alignment=&#8221;center&#8221; onclick=&#8221;link_image&#8221; css_animation=&#8221;none&#8221;][\/vc_column][\/vc_row][vc_row equal_height=&#8221;yes&#8221; content_placement=&#8221;middle&#8221;][vc_column width=&#8221;1\/6&#8243;][vc_custom_heading text=&#8221;Objetivos&#8221; font_container=&#8221;tag:h5|text_align:left&#8221; use_theme_fonts=&#8221;yes&#8221;][vc_icon icon_fontawesome=&#8221;fas&nbsp;<a href=\"https:\/\/esffranco.edu.pt\/web\/clubes\/clube-jogos-matematicos\/\">&hellip;<\/a><\/p>\n","protected":false},"author":1,"featured_media":0,"parent":379,"menu_order":19,"comment_status":"closed","ping_status":"closed","template":"template-sidebar-right-childpages.php","meta":{"footnotes":""},"folder":[],"class_list":["post-1306","page","type-page","status-publish","hentry","odd"],"_links":{"self":[{"href":"https:\/\/esffranco.edu.pt\/web\/wp-json\/wp\/v2\/pages\/1306","targetHints":{"allow":["GET"]}}],"collection":[{"href":"https:\/\/esffranco.edu.pt\/web\/wp-json\/wp\/v2\/pages"}],"about":[{"href":"https:\/\/esffranco.edu.pt\/web\/wp-json\/wp\/v2\/types\/page"}],"author":[{"embeddable":true,"href":"https:\/\/esffranco.edu.pt\/web\/wp-json\/wp\/v2\/users\/1"}],"replies":[{"embeddable":true,"href":"https:\/\/esffranco.edu.pt\/web\/wp-json\/wp\/v2\/comments?post=1306"}],"version-history":[{"count":7,"href":"https:\/\/esffranco.edu.pt\/web\/wp-json\/wp\/v2\/pages\/1306\/revisions"}],"predecessor-version":[{"id":8145,"href":"https:\/\/esffranco.edu.pt\/web\/wp-json\/wp\/v2\/pages\/1306\/revisions\/8145"}],"up":[{"embeddable":true,"href":"https:\/\/esffranco.edu.pt\/web\/wp-json\/wp\/v2\/pages\/379"}],"wp:attachment":[{"href":"https:\/\/esffranco.edu.pt\/web\/wp-json\/wp\/v2\/media?parent=1306"}],"wp:term":[{"taxonomy":"folder","embeddable":true,"href":"https:\/\/esffranco.edu.pt\/web\/wp-json\/wp\/v2\/folder?post=1306"}],"curies":[{"name":"wp","href":"https:\/\/api.w.org\/{rel}","templated":true}]}}